{"id":2554,"date":"2013-11-10T13:16:46","date_gmt":"2013-11-10T12:16:46","guid":{"rendered":"http:\/\/www.feuerwehr-eddelak.de\/wcms\/?page_id=2554"},"modified":"2026-02-11T07:21:57","modified_gmt":"2026-02-11T06:21:57","slug":"feuerwehrwebseiten-im-netzwerk","status":"publish","type":"page","link":"https:\/\/www.feuerwehr-eddelak.de\/wcms\/wir-uber-uns\/feuerwehrwebseiten-im-netzwerk\/","title":{"rendered":"Feuerwehrwebseiten im Netzwerk"},"content":{"rendered":"<p>Seit Ende 2011 haben verschiedene Feuerwehren angefangen auch im Bereich der \u00d6ffentlichkeitsarbeit \u00fcber das Internet zusammenzuarbeiten. Angefangen mit der <a href=\"http:\/\/www.ff-averlak-blangenmoor.de\" target=\"_blank\" rel=\"noopener\">Freiwilligen Feuerwehr Averlak Blangenmoor<\/a> und der <a href=\"http:\/\/www.feuerwehr-eddelak.de\" target=\"_blank\" rel=\"noopener\">Freiwilligen Feuerwehr Eddelak<\/a> nutzen wir das gleiche Aussehen und das gleiche technische System f\u00fcr die Webseiten. Gleichzeitig werden auf den Startseiten jeweils die Neuigkeiten der anderen Feuerwehren im Netzwerk angezeigt. So gibt es f\u00fcr die Besucher immer wieder etwas Neues zu entdecken.<\/p>\n<p>Aus den anf\u00e4nglich zwei Feuerwehren sind inzwischen sechs\u00a0Webseiten geworden, die zusammen in dem Webseitenverband online sind:<\/p>\n<ul>\n<li><a href=\"http:\/\/www.ff-averlak-blangenmoor.de\" target=\"_blank\" rel=\"noopener\">Freiwillige Feuerwehr Averlak Blangenmoor<\/a><\/li>\n<li><a href=\"http:\/\/feuerwehr-brickeln-quickborn.de\" target=\"_blank\" rel=\"noopener\">Freiwillige Feuerwehr Brickeln- Quickborn<\/a><\/li>\n<li><a href=\"http:\/\/www.feuerwehr-eddelak.de\" target=\"_blank\" rel=\"noopener\">Freiwillige Feuerwehr Eddelak<\/a><\/li>\n<li><a href=\"http:\/\/www.feuerwehr-eggstedt.de\" target=\"_blank\" rel=\"noopener\">Freiwillige Feuerwehr Eggstedt<\/a><\/li>\n<li><a href=\"http:\/\/www.feuerwehr-kuden.de\" target=\"_blank\" rel=\"noopener\">Freiwillige Feuerwehr Kuden<\/a><\/li>\n<li><a href=\"http:\/\/www.jugendfeuerwehr-eddelak-st-michaelisdonn.de\" target=\"_blank\" rel=\"noopener\">Jugendfeuerwehr Eddelak- St.Michaelisdonn<\/a><\/li>\n<\/ul>\n<p>Im Bereich der aktiven Feuerwehrarbeit arbeiten die Feuerwehren bereits seit langem zusammen. Gerade in der heutigen Zeit werden durch die immer h\u00f6here Technisierung und immer neue Stoffe die Eins\u00e4tze und Aufgaben immer vielf\u00e4ltiger. Gerade kleinere Gemeinden k\u00f6nnen sich die aufwendigeren Hilfsger\u00e4te nicht im vollem Umfang leisten &#8211; da ist gegenseitige Hilfe v\u00f6llig selbstverst\u00e4ndlich. Dies gilt genauso bei gr\u00f6\u00dferen Eins\u00e4tzen, wenn nach der ersten schnellen Hilfe vor Ort weitere Einsatzkr\u00e4fte ben\u00f6tigt werden.<\/p>\n<p>Warum also diese gute Zusammenarbeit nicht auch nach Au\u00dfen tragen und sich gemeinsam pr\u00e4sentieren ?<\/p>\n<p>Genau dies haben wir daher Ende 2011 umgesetzt. Man entwickelt gemeinsam eine technische Grundlage und ein einheitliches Layout. Alle technischen Updates f\u00fcr z.B. neue Funktionen oder \u00dcberarbeitungen des Rahmenlayouts werden automatisch an alle Teilnehmer im Netzwerk verteilt, daher sind Programmierkenntnisse in den einzelnen Wehren nicht zwingend erforderlich. Die Server der einzelnen Webseiten bleiben voneinander getrennt. Die Feuerwehr nutzt weiterhin ihren eigenen Webserver und ist nicht zwingend auf die anderen Seiten angewiesen sollte sich das Konzept nicht als erfolgreich herausstellen (wobei der Trend ganz klar das Gegenteil zu beweisen scheint). Inhaltlich bleibt jede Feuerwehr nat\u00fcrlich ebenso unabh\u00e4ngig und muss sich selbst um den Content k\u00fcmmern.<\/p>\n<p>Inzwischen werden die News aus dem Webseiten-Netzwerk nicht mehr nur auf den Startseiten angezeigt. Auch \u00fcber den <a href=\"http:\/\/news.feuerwehr-eddelak.de\/rss\/\" target=\"_blank\" rel=\"noopener\">RSS-Feed<\/a> werden die News aller Wehren ausgespielt ( Was ein RSS Feed ist, bzw. wie man diesen nutzt kann man <a href=\"http:\/\/www.ff-averlak-blangenmoor.de\/wcms\/service\/newsticker-uber-rss-feed\/\" target=\"_blank\" rel=\"noopener\">hier<\/a> nachlesen ). Ebenso informiert der Twitter Account <a href=\"http:\/\/twitter.com\/ffaktuell\" target=\"_blank\" rel=\"noopener\">@FFAktuell<\/a> \u00fcber alle News und neuen Beitr\u00e4ge.<\/p>\n<p>Mit der Freiwilligen Feuerwehr Marne beschr\u00e4nkt sich diese Internet-Kooperation zwar immer noch auf die relative Nachbarschaft, aber nicht mehr nur auf den aktuellen Amtsbereich.<\/p>\n<p>Wir hoffen weitere Feuerwehren daf\u00fcr begeistern zu k\u00f6nnen und gemeinsam im Internet auftreten zu k\u00f6nnen. Bei Fragen wendet euch gerne an: steffen.delfs@feuerwehr-eddelak.de<\/p>\n\n\t\t<style type=\"text\/css\">\n\t\t\t#gallery-1 {\n\t\t\t\tmargin: auto;\n\t\t\t}\n\t\t\t#gallery-1 .gallery-item {\n\t\t\t\tfloat: left;\n\t\t\t\tmargin-top: 10px;\n\t\t\t\ttext-align: center;\n\t\t\t\twidth: 25%;\n\t\t\t}\n\t\t\t#gallery-1 img {\n\t\t\t\tborder: 2px solid #cfcfcf;\n\t\t\t}\n\t\t\t#gallery-1 .gallery-caption {\n\t\t\t\tmargin-left: 0;\n\t\t\t}\n\t\t\t\/* see gallery_shortcode() in wp-includes\/media.php *\/\n\t\t<\/style>\n\t\t<div id='gallery-1' class='gallery galleryid-2554 gallery-columns-4 gallery-size-thumbnail'><dl class='gallery-item'>\n\t\t\t<dt class='gallery-icon landscape'>\n\t\t\t\t<a href='https:\/\/www.feuerwehr-eddelak.de\/wcms\/wp-content\/uploads\/2013\/11\/ff06.jpg' title=\"\" data-rl_title=\"\" class=\"rl-gallery-link\" data-rl_caption=\"\" data-rel=\"lightbox-gallery-1\"><img loading=\"lazy\" decoding=\"async\" width=\"150\" height=\"150\" src=\"https:\/\/www.feuerwehr-eddelak.de\/wcms\/wp-content\/uploads\/2013\/11\/ff06-150x150.jpg\" class=\"attachment-thumbnail size-thumbnail\" alt=\"\" \/><\/a>\n\t\t\t<\/dt><\/dl><dl class='gallery-item'>\n\t\t\t<dt class='gallery-icon landscape'>\n\t\t\t\t<a href='https:\/\/www.feuerwehr-eddelak.de\/wcms\/wp-content\/uploads\/2013\/11\/ff05.jpg' title=\"\" data-rl_title=\"\" class=\"rl-gallery-link\" data-rl_caption=\"\" data-rel=\"lightbox-gallery-1\"><img loading=\"lazy\" decoding=\"async\" width=\"150\" height=\"150\" src=\"https:\/\/www.feuerwehr-eddelak.de\/wcms\/wp-content\/uploads\/2013\/11\/ff05-150x150.jpg\" class=\"attachment-thumbnail size-thumbnail\" alt=\"\" \/><\/a>\n\t\t\t<\/dt><\/dl><dl class='gallery-item'>\n\t\t\t<dt class='gallery-icon landscape'>\n\t\t\t\t<a href='https:\/\/www.feuerwehr-eddelak.de\/wcms\/wp-content\/uploads\/2013\/11\/ff04.jpg' title=\"\" data-rl_title=\"\" class=\"rl-gallery-link\" data-rl_caption=\"\" data-rel=\"lightbox-gallery-1\"><img loading=\"lazy\" decoding=\"async\" width=\"150\" height=\"150\" src=\"https:\/\/www.feuerwehr-eddelak.de\/wcms\/wp-content\/uploads\/2013\/11\/ff04-150x150.jpg\" class=\"attachment-thumbnail size-thumbnail\" alt=\"\" \/><\/a>\n\t\t\t<\/dt><\/dl><dl class='gallery-item'>\n\t\t\t<dt class='gallery-icon landscape'>\n\t\t\t\t<a href='https:\/\/www.feuerwehr-eddelak.de\/wcms\/wp-content\/uploads\/2013\/11\/ff03.jpg' title=\"\" data-rl_title=\"\" class=\"rl-gallery-link\" data-rl_caption=\"\" data-rel=\"lightbox-gallery-1\"><img loading=\"lazy\" decoding=\"async\" width=\"150\" height=\"150\" src=\"https:\/\/www.feuerwehr-eddelak.de\/wcms\/wp-content\/uploads\/2013\/11\/ff03-150x150.jpg\" class=\"attachment-thumbnail size-thumbnail\" alt=\"\" \/><\/a>\n\t\t\t<\/dt><\/dl><br style=\"clear: both\" \/><dl class='gallery-item'>\n\t\t\t<dt class='gallery-icon landscape'>\n\t\t\t\t<a href='https:\/\/www.feuerwehr-eddelak.de\/wcms\/wp-content\/uploads\/2013\/11\/ff01.jpg' title=\"\" data-rl_title=\"\" class=\"rl-gallery-link\" data-rl_caption=\"\" data-rel=\"lightbox-gallery-1\"><img loading=\"lazy\" decoding=\"async\" width=\"150\" height=\"150\" src=\"https:\/\/www.feuerwehr-eddelak.de\/wcms\/wp-content\/uploads\/2013\/11\/ff01-150x150.jpg\" class=\"attachment-thumbnail size-thumbnail\" alt=\"\" \/><\/a>\n\t\t\t<\/dt><\/dl><dl class='gallery-item'>\n\t\t\t<dt class='gallery-icon landscape'>\n\t\t\t\t<a href='https:\/\/www.feuerwehr-eddelak.de\/wcms\/wp-content\/uploads\/2013\/11\/grossenrade.jpg' title=\"\" data-rl_title=\"\" class=\"rl-gallery-link\" data-rl_caption=\"\" data-rel=\"lightbox-gallery-1\"><img loading=\"lazy\" decoding=\"async\" width=\"150\" height=\"150\" src=\"https:\/\/www.feuerwehr-eddelak.de\/wcms\/wp-content\/uploads\/2013\/11\/grossenrade-150x150.jpg\" class=\"attachment-thumbnail size-thumbnail\" alt=\"\" \/><\/a>\n\t\t\t<\/dt><\/dl><dl class='gallery-item'>\n\t\t\t<dt class='gallery-icon landscape'>\n\t\t\t\t<a href='https:\/\/www.feuerwehr-eddelak.de\/wcms\/wp-content\/uploads\/2013\/11\/eggstedt.jpg' title=\"\" data-rl_title=\"\" class=\"rl-gallery-link\" data-rl_caption=\"\" data-rel=\"lightbox-gallery-1\"><img loading=\"lazy\" decoding=\"async\" width=\"150\" height=\"150\" src=\"https:\/\/www.feuerwehr-eddelak.de\/wcms\/wp-content\/uploads\/2013\/11\/eggstedt-150x150.jpg\" class=\"attachment-thumbnail size-thumbnail\" alt=\"\" \/><\/a>\n\t\t\t<\/dt><\/dl><dl class='gallery-item'>\n\t\t\t<dt class='gallery-icon landscape'>\n\t\t\t\t<a href='https:\/\/www.feuerwehr-eddelak.de\/wcms\/wp-content\/uploads\/2013\/11\/ff08.jpg' title=\"\" data-rl_title=\"\" class=\"rl-gallery-link\" data-rl_caption=\"\" data-rel=\"lightbox-gallery-1\"><img loading=\"lazy\" decoding=\"async\" width=\"150\" height=\"150\" src=\"https:\/\/www.feuerwehr-eddelak.de\/wcms\/wp-content\/uploads\/2013\/11\/ff08-150x150.jpg\" class=\"attachment-thumbnail size-thumbnail\" alt=\"\" \/><\/a>\n\t\t\t<\/dt><\/dl><br style=\"clear: both\" \/>\n\t\t<\/div>\n\n","protected":false},"excerpt":{"rendered":"Seit Ende 2011 haben verschiedene Feuerwehren angefangen auch im Bereich der \u00d6ffentlichkeitsarbeit \u00fcber das Internet zusammenzuarbeiten. Angefangen mit der Freiwilligen Feuerwehr Averlak Blangenmoor und der &hellip;","protected":false},"author":1,"featured_media":2568,"parent":264,"menu_order":85,"comment_status":"closed","ping_status":"closed","template":"","meta":{"ngg_post_thumbnail":0,"footnotes":""},"class_list":["post-2554","page","type-page","status-publish","has-post-thumbnail","hentry"],"_links":{"self":[{"href":"https:\/\/www.feuerwehr-eddelak.de\/wcms\/wp-json\/wp\/v2\/pages\/2554","targetHints":{"allow":["GET"]}}],"collection":[{"href":"https:\/\/www.feuerwehr-eddelak.de\/wcms\/wp-json\/wp\/v2\/pages"}],"about":[{"href":"https:\/\/www.feuerwehr-eddelak.de\/wcms\/wp-json\/wp\/v2\/types\/page"}],"author":[{"embeddable":true,"href":"https:\/\/www.feuerwehr-eddelak.de\/wcms\/wp-json\/wp\/v2\/users\/1"}],"replies":[{"embeddable":true,"href":"https:\/\/www.feuerwehr-eddelak.de\/wcms\/wp-json\/wp\/v2\/comments?post=2554"}],"version-history":[{"count":29,"href":"https:\/\/www.feuerwehr-eddelak.de\/wcms\/wp-json\/wp\/v2\/pages\/2554\/revisions"}],"predecessor-version":[{"id":11682,"href":"https:\/\/www.feuerwehr-eddelak.de\/wcms\/wp-json\/wp\/v2\/pages\/2554\/revisions\/11682"}],"up":[{"embeddable":true,"href":"https:\/\/www.feuerwehr-eddelak.de\/wcms\/wp-json\/wp\/v2\/pages\/264"}],"wp:featuredmedia":[{"embeddable":true,"href":"https:\/\/www.feuerwehr-eddelak.de\/wcms\/wp-json\/wp\/v2\/media\/2568"}],"wp:attachment":[{"href":"https:\/\/www.feuerwehr-eddelak.de\/wcms\/wp-json\/wp\/v2\/media?parent=2554"}],"curies":[{"name":"wp","href":"https:\/\/api.w.org\/{rel}","templated":true}]}}