{"id":284,"date":"2011-03-23T12:56:53","date_gmt":"2011-03-23T11:56:53","guid":{"rendered":"http:\/\/www.ff-eddelak.de\/wcms\/?page_id=284"},"modified":"2026-01-28T17:52:36","modified_gmt":"2026-01-28T16:52:36","slug":"mitglied-werden","status":"publish","type":"page","link":"https:\/\/www.feuerwehr-eddelak.de\/wcms\/mitglied-werden\/","title":{"rendered":"Mitglied werden"},"content":{"rendered":"<p><em><strong>Werde Mitglied in der Freiwilligen Feuerwehr<\/strong><\/em><\/p>\n<p><strong>Aktives Mitglied<\/strong><\/p>\n<p>Als aktive Feuerwehrkameradin\/ aktiver Feuerwehrkamerad.<br \/>Aktives Mitglied in einer Feuerwehr zu sein hei\u00dft in einer starken Gemeinschaft sein Kenntnisse und F\u00e4higkeiten f\u00fcr das Wohl der Gemeinschaft und der Mitmenschen einzusetzen. Feuerwehr heute hei\u00dft weit mehr als Feuer zu l\u00f6schen. Immer wichtiger werden technische Hilfeleistungen.<br \/>Nach Absprache mit der Wehrf\u00fchrung absolviert die Feuerwehranw\u00e4rterin\/ der Feuerwehranw\u00e4rter eine einj\u00e4hrige Probezeit. Danach entscheiden die Mitglieder \u00fcber die Aufnahe (keine Angst, bis man da abgelehnt wird &#8230; ).<\/p>\n<p>Es sind nat\u00fcrlich auch jederzeit &#8222;Schnupperdienste&#8220; m\u00f6glich. Am besten eine kurze Absprache mit der <a href=\"mailto:wehrfuehrung@ff-eddelak.de\">Wehrf\u00fchrung<\/a> treffen. Voraussetzung f\u00fcr eine aktive Mitgliedschaft ist, dass ihr in den Gemeinden Eddelak oder Dingen wohnt und mindestens 16 Jahre alt seid. Alle die j\u00fcnger sind w\u00fcrden wir nat\u00fcrlich gerne in unserer <a title=\"Jugendfeuerwehr Eddelak\" href=\"http:\/\/www.kjf-hei.de\/wcms\/jugendfeuerwehren\/eddelak-st-michaelisdonn\/\">Jugendfeuerwehr<\/a> begr\u00fc\u00dfen.<\/p>\n<p><strong>Passives Mitglied<\/strong><\/p>\n<p>Auch wenn man nicht am aktiven Dienst teilnehmen m\u00f6chte k\u00f6nnt ihr die Feuerwehr unterst\u00fctzen. Ohne finanzielle Mittel kann nat\u00fcrlich auch ein Feuerwehr ihre T\u00e4tigkeiten nicht vorsetzen. In Zeiten gebeutelter Haushalte kommt jeder Euro recht. Mit eurer Zuwendung unterst\u00fctzt ihr die Arbeit der Freiwilligen Feuerwehr mit wir anderen helfen k\u00f6nnen.<\/p>\n<p><a href=\"https:\/\/www.feuerwehr-eddelak.de\/wcms\/wp-content\/uploads\/2026\/01\/FF_Eddelak_Aufnahmegesuch.pdf\">Feuerwehr Eddelak Aufnahmegesuch<\/a> aktives Mitglied als PDF<\/p>\n<p><a href=\"https:\/\/www.feuerwehr-eddelak.de\/wcms\/wp-content\/uploads\/2026\/01\/FF_Eddelak_Beitrittserklaerung_Passive.pdf\">Feuerwehr Eddelak Beitrittserkl\u00e4rung<\/a>\u00a0passives Mitglied als PDF<\/p>\n\n\n<p><\/p>\n","protected":false},"excerpt":{"rendered":"Werde Mitglied in der Freiwilligen Feuerwehr\nAktives Mitglied\nAls aktive Feuerwehrkameradin\/ aktiver Feuerwehrkamerad.Aktives Mitglied in einer Feuerwehr zu sein hei\u00dft in einer starken Gemeinschaft sein Kenntnisse und &hellip;","protected":false},"author":1,"featured_media":0,"parent":0,"menu_order":90,"comment_status":"open","ping_status":"closed","template":"","meta":{"ngg_post_thumbnail":0,"footnotes":""},"class_list":["post-284","page","type-page","status-publish","hentry"],"_links":{"self":[{"href":"https:\/\/www.feuerwehr-eddelak.de\/wcms\/wp-json\/wp\/v2\/pages\/284","targetHints":{"allow":["GET"]}}],"collection":[{"href":"https:\/\/www.feuerwehr-eddelak.de\/wcms\/wp-json\/wp\/v2\/pages"}],"about":[{"href":"https:\/\/www.feuerwehr-eddelak.de\/wcms\/wp-json\/wp\/v2\/types\/page"}],"author":[{"embeddable":true,"href":"https:\/\/www.feuerwehr-eddelak.de\/wcms\/wp-json\/wp\/v2\/users\/1"}],"replies":[{"embeddable":true,"href":"https:\/\/www.feuerwehr-eddelak.de\/wcms\/wp-json\/wp\/v2\/comments?post=284"}],"version-history":[{"count":18,"href":"https:\/\/www.feuerwehr-eddelak.de\/wcms\/wp-json\/wp\/v2\/pages\/284\/revisions"}],"predecessor-version":[{"id":11678,"href":"https:\/\/www.feuerwehr-eddelak.de\/wcms\/wp-json\/wp\/v2\/pages\/284\/revisions\/11678"}],"wp:attachment":[{"href":"https:\/\/www.feuerwehr-eddelak.de\/wcms\/wp-json\/wp\/v2\/media?parent=284"}],"curies":[{"name":"wp","href":"https:\/\/api.w.org\/{rel}","templated":true}]}}