{"id":288,"date":"2011-03-23T12:59:03","date_gmt":"2011-03-23T11:59:03","guid":{"rendered":"http:\/\/www.ff-eddelak.de\/wcms\/?page_id=288"},"modified":"2013-07-07T12:26:57","modified_gmt":"2013-07-07T10:26:57","slug":"jugendfeuerwehr","status":"publish","type":"page","link":"https:\/\/www.feuerwehr-eddelak.de\/wcms\/wir-uber-uns\/jugendfeuerwehr\/","title":{"rendered":"Jugendfeuerwehr"},"content":{"rendered":"<p><img loading=\"lazy\" decoding=\"async\" class=\"alignleft\" alt=\"Gruppenfoto der Jugendfeuerwehr\" src=\"http:\/\/feuerwehr-eddelak.de\/wcms\/wp-content\/backward-image\/jfgruppe.jpg\" width=\"420\" height=\"229\" align=\"left\" \/>Nat\u00fcrlich wird bei uns Jugendfeuerwehr gro\u00df geschrieben.<br \/>\nDie Jugendfeuerwehr ist die aktive Wehr von morgen. Deswegen wurde 1995 die Amtsjugend Eddelak- St.Michaelisdonn gegr\u00fcndet. Die Gemeinden Averlak, Dingen, Eddelak und St.Michaelisdonn entschlossen sich zur Gr\u00fcndung einer Jugendfeuerwehr um den Bestand der eigenen Feuerwehr zu sichern.<\/p>\n<p>Seit nun mehr als 10 Jahren \u00fcben um die 35 Kinder und Jugendliche im Rahmen des Feuerwehrwesens. Um sich einen besseren Eindruck unserer Jugendabteilung zu machen, solltet ihr die Webseite besuchen:\u00a0<a href=\"http:\/\/www.jugendfeuerwehr-eddelak-st-michaelisdonn.de\/\">http:\/\/www.jugendfeuerwehr-eddelak-st-michaelisdonn.de\/<\/a><\/p>\n<h4>Aus der Geschichte<\/h4>\n<p>Eigentlich hatte die Eddelaker Wehr nie ernsthafte Nachwuchssorgen. Eine nat\u00fcrliche Schwankung der Mitglieder gab es immer, aber richtige Sorgen brauchte man sich nie machen. Dennoch wurde bereits Anfang der 90er Jahre vorausschauende gedacht um m\u00f6glichen Engp\u00e4ssen in der Zukunft entgegenzuwirken. Neben dem Nachwuchs f\u00fcr die Feuerwehr steht damals wie heute auch der Gedanken der Jugendarbeit. \u201eMit der Jugendarbeit decken wir das gesamte Spektrum der Jugendarbeit ab.\u201c, erkl\u00e4rte Klaus Vollmert, der damalige Kreisjugendfeuerwehrwart, <img loading=\"lazy\" decoding=\"async\" class=\"alignleft\" alt=\"Die Gr\u00fcndungsmitglieder\" src=\"http:\/\/feuerwehr-eddelak.de\/wcms\/wp-content\/backward-image\/g_012.jpg\" width=\"250\" height=\"136\" align=\"right\" \/> bei einer Amtsausschusssitzung. <em>\u201eDas Verh\u00e4ltnis von Jugendarbeit, wie Zeltlager, Grillfeste oder Gruppenabende und Gespr\u00e4chsabende, zu feuerwehrtechnischer Ausbildung betr\u00e4gt 50 zu 50.\u201c<\/em>, betonte er.<\/p>\n<p>Auf der Amtsversammlung im Dezember 1994 freute sich der Amtswehrf\u00fchrer G\u00fcnter Thorm\u00e4hlen bekannt zu geben, dass eine Amtsjugendfeuerwehr gegr\u00fcndet werden sollte.<\/p>\n<p>Die Kosten sollten damals bei 600 DM pro Jugendfeuerwehrmitglied liegen. Dies bezog sich in erster Linie auf die Bekleidung der Jugendlichen. Getragen werden sollten die Kosten zu 70% vom Amt und zu 30% vom Kreis und vom Land getragen werden. Der Standort f\u00fcr die Jugendwehr sollte Eddelak sein. Heute ist dem, mit den neuen R\u00e4umlichkeiten speziell f\u00fcr die Jugendfeuerwehr, ausreichend Rechnung getragen.<br \/>\nDer Aufruf in der Zeitung hatte Wirkung gezeigt. In kurzer Zeit hatten sich bereits 35 jugendliche Interessenten gefunden.<\/p>\n<p>Auch wenn man damals eigentlich nur mit 20 bis 24 verbleibenden Mitglieder rechnete haben so lagen die Mitgliederzahlen bis heute immer um 35 Jugendliche und es existierte eine Warteliste, auf der teilweise <img loading=\"lazy\" decoding=\"async\" class=\"alignright\" alt=\"Kanutour\" src=\"http:\/\/feuerwehr-eddelak.de\/wcms\/wp-content\/backward-image\/g_013.jpg\" width=\"250\" height=\"161\" align=\"right\" \/> 10 Jugendliche auf einen Platz in der Jugendwehr erhofften.<\/p>\n<p>Die Wehren hatten zu Beginn f\u00fcr jede Amtswehr einen Betreuer bestimmt. Aus Averlak Stephan Block, aus St.Michaelisdonn Dirk Ewert und aus Eddelak Ralf Napiraski der gleichzeitig der Amtsjugendwart werden sollte.<\/p>\n<p>Am 12. Mai 1995 war es dann endlich soweit. Die Jugendlichen trafen sich zu ihrem ersten richtigen Feuerwehrdienst. Damals wie heute steuern die Jugendlichen ihr Gemeindefeuerwehrhaus an und fahren dann gemeinsam zum Dienstort, an diesem Tag Eddelak.<br \/>\nSchonung gab es f\u00fcr die Neulinge im Feuerwehrwesen keine. Gleich im ersten Jahr wurde das \u201evolle Programm\u201c absolviert. Neben der feuerwehrtechnischen Ausbildung nahm die Jugendwehr an ihrem Kreisjugendfeuerwehrzeltlager teil.25 Jugendliche fuhren bepackt mit Schlafsack und Luftmatratze nach Bunsoh. Zelte hatte die Jugendfeuerwehr damals noch keine eigenen. Diese musste man sich leihen. Man pr\u00e4sentierte sich auf dem 100 Kanaljubil\u00e4um in diesem Jahr, nahm am Kreispokal teil, einem haupts\u00e4chlich feuerwehrtechnischen Wettbewerb der Jugendwehren im Kreisgebiet, der Jahresabschluss\u00fcbung in Marne und nat\u00fcrlich auch an den Kreisjugendfeuerwehrversammlungen.<\/p>\n<p>Inzwischen feierte die Amtsjugendfeuerwehr ihr 10j\u00e4hriges Bestehen. Die Mitgliederzahlen sind stabil und die Aktivit\u00e4ten sind nicht weniger zahlreich als fr\u00fcher. Die Gr\u00fcndungsmitglieder sind l\u00e4ngst in die aktive Wehr \u00fcbernommen. Auch wenn nicht jeder Jugendliche der Feuerwehr treu bleibt, so sind alleine in Eddelak 9 Kameraden aktiv t\u00e4tig, die ihre Wurzeln in der Jugendfeuerwehren haben.<\/p>\n<p>Den letzten H\u00f6hepunkt bildet der Ausbau des Ger\u00e4tehauses. Nicht zuletzt f\u00fcr die Jugendfeuerwehr wurde hier wieder viel Geld und noch viel mehr Stunden von freiwilligen Helfern investiert um den Dachboden in Lager-, B\u00fcro- und einen Schulungsraum zu verwandeln. Ihm Rahmen des Festprogramms zum 125 Jubil\u00e4um sollen die R\u00e4umlichkeiten offiziell der Jugendfeuerwehr \u00fcbergeben werden.<\/p>\n<h4>Mehr gibts hier&#8230;<\/h4>\n<p><a href=\"http:\/\/www.jugendfeuerwehr-eddelak-st-michaelisdonn.de\/\"> Jugendfeuerwehr Eddelak\u00a0St.Michaelisdonn<\/a><\/p>\n","protected":false},"excerpt":{"rendered":"Nat\u00fcrlich wird bei uns Jugendfeuerwehr gro\u00df geschrieben.\nDie Jugendfeuerwehr ist die aktive Wehr von morgen. Deswegen wurde 1995 die Amtsjugend Eddelak- St.Michaelisdonn gegr\u00fcndet. Die Gemeinden Averlak, &hellip;","protected":false},"author":1,"featured_media":0,"parent":264,"menu_order":6,"comment_status":"open","ping_status":"closed","template":"","meta":{"ngg_post_thumbnail":0,"footnotes":""},"class_list":["post-288","page","type-page","status-publish","hentry"],"_links":{"self":[{"href":"https:\/\/www.feuerwehr-eddelak.de\/wcms\/wp-json\/wp\/v2\/pages\/288","targetHints":{"allow":["GET"]}}],"collection":[{"href":"https:\/\/www.feuerwehr-eddelak.de\/wcms\/wp-json\/wp\/v2\/pages"}],"about":[{"href":"https:\/\/www.feuerwehr-eddelak.de\/wcms\/wp-json\/wp\/v2\/types\/page"}],"author":[{"embeddable":true,"href":"https:\/\/www.feuerwehr-eddelak.de\/wcms\/wp-json\/wp\/v2\/users\/1"}],"replies":[{"embeddable":true,"href":"https:\/\/www.feuerwehr-eddelak.de\/wcms\/wp-json\/wp\/v2\/comments?post=288"}],"version-history":[{"count":4,"href":"https:\/\/www.feuerwehr-eddelak.de\/wcms\/wp-json\/wp\/v2\/pages\/288\/revisions"}],"predecessor-version":[{"id":2012,"href":"https:\/\/www.feuerwehr-eddelak.de\/wcms\/wp-json\/wp\/v2\/pages\/288\/revisions\/2012"}],"up":[{"embeddable":true,"href":"https:\/\/www.feuerwehr-eddelak.de\/wcms\/wp-json\/wp\/v2\/pages\/264"}],"wp:attachment":[{"href":"https:\/\/www.feuerwehr-eddelak.de\/wcms\/wp-json\/wp\/v2\/media?parent=288"}],"curies":[{"name":"wp","href":"https:\/\/api.w.org\/{rel}","templated":true}]}}