{"id":294,"date":"2011-03-23T13:01:57","date_gmt":"2011-03-23T12:01:57","guid":{"rendered":"http:\/\/www.ff-eddelak.de\/wcms\/?page_id=294"},"modified":"2026-03-09T14:03:33","modified_gmt":"2026-03-09T13:03:33","slug":"feuer-anmelden","status":"publish","type":"page","link":"https:\/\/www.feuerwehr-eddelak.de\/wcms\/feuer-anmelden\/","title":{"rendered":"Feuer anmelden"},"content":{"rendered":"<p>Bitte nehmen Sie sich Zeit die <a href=\"https:\/\/www.feuerwehr-eddelak.de\/wcms\/wp-content\/uploads\/2024\/11\/afu035_pflanzliche_abfaelle__entsorgung.pdf\"><span style=\"color: #ff0000;\"><strong>Hinweise zum Verbrennen von Gartenabf\u00e4llen des Kreis Dithmarschen<\/strong><\/span><\/a> sorgsam durchzulesen und f\u00fcllen Sie das folgende Formular aus. Die Freiwillige Feuerwehr beh\u00e4lt sich vor den Brandplatz vor Ort zu begutachten.<\/p>\n<p class=\"p1\">Die Meldung eines geplanten Feuers \u00fcber dieses Formular wird <span class=\"s1\"><b>nicht<\/b><\/span> an die Feuerwehrleitstelle oder andere Beh\u00f6rden \u00fcbermittelt. Eine m\u00f6gliche Melde- oder Anzeigepflicht bei anderen Beh\u00f6rden oder Institutionen wie z.B. beim Ordnungs- oder Umweltamt entf\u00e4llt durch diese Meldung <span class=\"s1\"><b>nicht<\/b><\/span>.<\/p>\n<p class=\"p1\"><strong>Die hier abgegebene Meldung dient ausschlie\u00dflich zur Information der <span class=\"s1\">Freiwilligen Feuerwehr Eddelak und stellt keine Genehmigung f\u00fcr das geplante Feuer dar.<\/span><\/strong><\/p>\n<p class=\"p1\">Sollte \u00a0durch eine Meldung Dritter eine Alarmierung erfolgen, kann es <span class=\"s1\"><b>trotz vorheriger Anmeldung<\/b><\/span> zu einem Einsatz der Feuerwehr und anderer Beh\u00f6rden kommen.\u00a0<\/p>\n<p>Bitte f\u00fcllen Sie alle rot markierten Pflichtfelder aus und best\u00e4tigen Sie die Einverst\u00e4dniserkl\u00e4rung bevor Sie das Formular abschicken.<\/p>\n\n\n<p><\/p>\n","protected":false},"excerpt":{"rendered":"Bitte nehmen Sie sich Zeit die Hinweise zum Verbrennen von Gartenabf\u00e4llen des Kreis Dithmarschen sorgsam durchzulesen und f\u00fcllen Sie das folgende Formular aus. Die Freiwillige &hellip;","protected":false},"author":1,"featured_media":0,"parent":0,"menu_order":5,"comment_status":"open","ping_status":"closed","template":"page-maps-form.php","meta":{"ngg_post_thumbnail":0,"footnotes":""},"class_list":["post-294","page","type-page","status-publish","hentry"],"_links":{"self":[{"href":"https:\/\/www.feuerwehr-eddelak.de\/wcms\/wp-json\/wp\/v2\/pages\/294","targetHints":{"allow":["GET"]}}],"collection":[{"href":"https:\/\/www.feuerwehr-eddelak.de\/wcms\/wp-json\/wp\/v2\/pages"}],"about":[{"href":"https:\/\/www.feuerwehr-eddelak.de\/wcms\/wp-json\/wp\/v2\/types\/page"}],"author":[{"embeddable":true,"href":"https:\/\/www.feuerwehr-eddelak.de\/wcms\/wp-json\/wp\/v2\/users\/1"}],"replies":[{"embeddable":true,"href":"https:\/\/www.feuerwehr-eddelak.de\/wcms\/wp-json\/wp\/v2\/comments?post=294"}],"version-history":[{"count":28,"href":"https:\/\/www.feuerwehr-eddelak.de\/wcms\/wp-json\/wp\/v2\/pages\/294\/revisions"}],"predecessor-version":[{"id":11810,"href":"https:\/\/www.feuerwehr-eddelak.de\/wcms\/wp-json\/wp\/v2\/pages\/294\/revisions\/11810"}],"wp:attachment":[{"href":"https:\/\/www.feuerwehr-eddelak.de\/wcms\/wp-json\/wp\/v2\/media?parent=294"}],"curies":[{"name":"wp","href":"https:\/\/api.w.org\/{rel}","templated":true}]}}