{"id":298,"date":"2011-03-23T13:07:36","date_gmt":"2011-03-23T12:07:36","guid":{"rendered":"http:\/\/www.ff-eddelak.de\/wcms\/?page_id=298"},"modified":"2012-12-15T12:26:15","modified_gmt":"2012-12-15T11:26:15","slug":"feuerloscher","status":"publish","type":"page","link":"https:\/\/www.feuerwehr-eddelak.de\/wcms\/ihre-sicherheit\/feuerloscher\/","title":{"rendered":"Feuerl\u00f6scher benutzen"},"content":{"rendered":"<h3>Feuerl\u00f6scher richtig bedienen<\/h3>\n<p><img loading=\"lazy\" decoding=\"async\" class=\"alignright\" src=\"http:\/\/feuerwehr-eddelak.de\/wcms\/wp-content\/backward-image\/feuerloescher.gif\" alt=\"feuerloeschersymbol\" width=\"100\" height=\"100\" align=\"right\" \/>Feuerl\u00f6scher sind in allen \u00f6ffentlichen Geb\u00e4uden bzw. an entsprechenden Gefahrenschwerpunkten zu finden und Pflicht. Auch zu Hause sollten Sie wissen, wo Sie ihren n\u00e4chsten Feuerl\u00f6scher finden k\u00f6nnen und wie Sie damit umgehen. Der Umgang ist nicht schwierig. Lesen Sie sich den Aufdruck durch und\/ oder lassen Sie sich den Umgang vom Fachmann erkl\u00e4ren, ihre Feuerwehr hilft ihnen sicher gerne weiter.<\/p>\n<p>Ohne Wartung geht es nicht. In \u00f6ffentlichen Geb\u00e4uden sollte jemand f\u00fcr den einwandfreien Zustand dieser Ger\u00e4te verantwortlich sein. Zu Hause sind Sie daf\u00fcr verantwortlich.<br \/>\nJeder Feuerl\u00f6scher ist mit einer Pr\u00fcfplakette versehen. Besonderns Pulverl\u00f6scher m\u00fcssen regelm\u00e4\u00dfig gewartet werden.<\/p>\n<p>Pulverl\u00f6scher ?! Gibt es etwa verschiedene ?! &#8211; Ja. Da Feuer nicht gleich Feuer ist und in verschiedene Brandklassen unterteilt wird, gibt es daf\u00fcr auch spezielle Feuerl\u00f6scher. Aber keine Angst, das ist nicht kompliziert.<\/p>\n<p>Je nachdem was oder welcher Stoff brennt wird ein Brand in der Regel in vier Kategorien unterteilt:<\/p>\n<div><img loading=\"lazy\" decoding=\"async\" class=\"alignleft\" src=\"http:\/\/feuerwehr-eddelak.de\/wcms\/wp-content\/backward-image\/a.gif\" alt=\"Brandklasse A\" width=\"37\" height=\"38\" \/>Brandklasse A:<br \/>\nFeste Stoffe, Verbrennung mit Glutbildung. Dazu z\u00e4hlen zum Beispiel Holz, Papier, Stroh, Kohle, Autoreifen oder Textilien.<\/div>\n<div>\n<p>&nbsp;<\/p>\n<\/div>\n<div><img loading=\"lazy\" decoding=\"async\" class=\"alignleft\" src=\"http:\/\/feuerwehr-eddelak.de\/wcms\/wp-content\/backward-image\/b.gif\" alt=\"Brandklasse B\" width=\"38\" height=\"38\" \/>Brandklasse B:<br \/>\nBr\u00e4nde von fl\u00fcssigen oder fl\u00fcssig werdenden Stoffen. Z.B. Kraft- o. Schmierstoffe, Fette, Alkohol, PVC, Teer, Paraffin.<\/div>\n<div>\n<p>&nbsp;<\/p>\n<\/div>\n<div><img loading=\"lazy\" decoding=\"async\" class=\"alignleft\" src=\"http:\/\/feuerwehr-eddelak.de\/wcms\/wp-content\/backward-image\/c.gif\" alt=\"Brandklasse C\" width=\"38\" height=\"38\" \/>Brandklasse C:<br \/>\nBrennende Gase, zum Beispiel Propan, Methan, Wasserstoff, Erdgas, Stadtgas, Azetylen.<\/div>\n<div>\n<p>&nbsp;<\/p>\n<\/div>\n<div><img loading=\"lazy\" decoding=\"async\" class=\"alignleft\" src=\"http:\/\/feuerwehr-eddelak.de\/wcms\/wp-content\/backward-image\/d.gif\" alt=\"Brandklasse D\" width=\"38\" height=\"38\" \/> Brandklasse D:<br \/>\nBrennende Metalle, wie zum Beispiel Magnesium, Aluminium, Kalium, Natrium, Lithium.<\/div>\n<p>Au\u00dferdem finden sich machmal noch die Brandklassen E und F. Die Brandklasse E gibt es nicht mehr &#8211; dies war einst die Brandklasse f\u00fcr Br\u00e4nde in elektrischen Niederspannungsanlagen (bis 1000 Volt). Brandklasse F bezieht sich auf Br\u00e4nde von Speise\u00f6len und -fetten (pflanzliche oder tierische \u00d6le und Fette) in Frittierger\u00e4ten und anderen K\u00fccheneinrichtungen.<\/p>\n<p>Diese Brandklassen finden sich auch auf den Feuerl\u00f6schern wieder. Die g\u00e4ngigsten Feuerl\u00f6scher sind diejenigen f\u00fcr die Brandklassen A, B und C. Mit ihnen k\u00f6nnen also die meisten Br\u00e4nde bedenkenlos gel\u00f6scht werden, jedoch kein Metallbrand. Diese Feuerl\u00f6scher sind in aller Regel Pulverl\u00f6scher. Sie verspr\u00fchen also ein Pulver, das sich auf das Feuer legt, und es so erstickt.<br \/>\nAndere L\u00f6scher sind z.B. Wasser oder Schauml\u00f6scher. Diese k\u00fchlen und\/ oder ersticken das Feuer. Seltener trifft man dann noch reine Kohlenstoffdioxid-L\u00f6scher an. Diese werden speziell in empfindlichen Bereichen eingesetzt, in denen Pulver oder Wasser gro\u00dfen Schaden anrichten w\u00fcrden ( Elektonik ).<\/p>\n<h4>6 Goldene Regeln im Umgang mit Feuerl\u00f6schern<\/h4>\n<div><img decoding=\"async\" class=\"alignleft\" src=\"http:\/\/feuerwehr-eddelak.de\/wcms\/wp-content\/backward-image\/feuerloescher1.gif\" alt=\"Feuerloescher\" \/>Regel 1: L\u00f6schen Sie immer mit, aber niemals gegen die Windrichtung. So k\u00f6nnen Sie nicht nur mehr erkennen, ihnen bleibt auch das Einatmen des giftigen Brandrauches erspart.<\/div>\n<div>\n<p>&nbsp;<\/p>\n<\/div>\n<p>&nbsp;<\/p>\n<div><img decoding=\"async\" class=\"alignleft\" src=\"http:\/\/feuerwehr-eddelak.de\/wcms\/wp-content\/backward-image\/feuerloescher2.gif\" alt=\"Feuerloescher\" \/>Regel 2: Beginnen Sie Ihren L\u00f6schangriff stets von vorne unten. Das gilt gerade bei Fl\u00e4chenbr\u00e4nden. Wird ein Feuerl\u00f6scher einfach nur &#8222;drauf gehalten&#8220;, k\u00f6nnen sich die Flammen seitw\u00e4rts ausbreiten.<\/div>\n<div>\n<p>&nbsp;<\/p>\n<\/div>\n<p>&nbsp;<\/p>\n<div>\n<p><img decoding=\"async\" class=\"alignleft\" src=\"http:\/\/feuerwehr-eddelak.de\/wcms\/wp-content\/backward-image\/feuerloescher3.gif\" alt=\"Feuerloescher\" \/>Regel 3: Tropf- oder Flie\u00dfbr\u00e4nde (z.B. aus Tanks- oder Leitungen) immer von oben nach unten l\u00f6schen. Sonst flie\u00dft immer brennende Fl\u00fcssigkeit in die Flammen nach.<\/p>\n<\/div>\n<p>&nbsp;<\/p>\n<p>&nbsp;<\/p>\n<p>&nbsp;<\/p>\n<div><img decoding=\"async\" class=\"alignleft\" src=\"http:\/\/feuerwehr-eddelak.de\/wcms\/wp-content\/backward-image\/feuerloescher4.gif\" alt=\"Feuerloescher\" \/>Regel 4: Sollten Sie mehrere Feuerl\u00f6scher und Helfer zur Hand haben, l\u00f6schen Sie nicht nacheinander, sondern gleichzeitig. Gemeinsam sind Sie stark.<\/div>\n<div>\n<p>&nbsp;<\/p>\n<\/div>\n<p>&nbsp;<\/p>\n<div>\n<p><img decoding=\"async\" class=\"alignleft\" src=\"http:\/\/feuerwehr-eddelak.de\/wcms\/wp-content\/backward-image\/feuerloescher5.gif\" alt=\"Feuerloescher\" \/>Regel 5: Auch wenn das Feuer vermeintlich gel\u00f6scht ist &#8211; behalten Sie die Brandstelle im Auge. M\u00f6glicherweise kommt es zu einer R\u00fcckz\u00fcndung.<\/p>\n<\/div>\n<p>&nbsp;<\/p>\n<p>&nbsp;<\/p>\n<p>&nbsp;<\/p>\n<div><img decoding=\"async\" class=\"alignleft\" src=\"http:\/\/feuerwehr-eddelak.de\/wcms\/wp-content\/backward-image\/feuerloescher6.gif\" alt=\"Feuerloescher\" \/> Regel 6: Unmittelbar nach dem Gebrauch m\u00fcssen Feuerl\u00f6scher immer von Fachpersonal aufgef\u00fcllt und gewartet werden. Das gilt auch, wenn nicht das gesamte L\u00f6schmittel verbraucht wurde.<\/div>\n","protected":false},"excerpt":{"rendered":"Feuerl\u00f6scher richtig bedienen\nFeuerl\u00f6scher sind in allen \u00f6ffentlichen Geb\u00e4uden bzw. an entsprechenden Gefahrenschwerpunkten zu finden und Pflicht. Auch zu Hause sollten Sie wissen, wo Sie ihren &hellip;","protected":false},"author":1,"featured_media":0,"parent":296,"menu_order":1,"comment_status":"open","ping_status":"closed","template":"","meta":{"ngg_post_thumbnail":0,"footnotes":""},"class_list":["post-298","page","type-page","status-publish","hentry"],"_links":{"self":[{"href":"https:\/\/www.feuerwehr-eddelak.de\/wcms\/wp-json\/wp\/v2\/pages\/298","targetHints":{"allow":["GET"]}}],"collection":[{"href":"https:\/\/www.feuerwehr-eddelak.de\/wcms\/wp-json\/wp\/v2\/pages"}],"about":[{"href":"https:\/\/www.feuerwehr-eddelak.de\/wcms\/wp-json\/wp\/v2\/types\/page"}],"author":[{"embeddable":true,"href":"https:\/\/www.feuerwehr-eddelak.de\/wcms\/wp-json\/wp\/v2\/users\/1"}],"replies":[{"embeddable":true,"href":"https:\/\/www.feuerwehr-eddelak.de\/wcms\/wp-json\/wp\/v2\/comments?post=298"}],"version-history":[{"count":3,"href":"https:\/\/www.feuerwehr-eddelak.de\/wcms\/wp-json\/wp\/v2\/pages\/298\/revisions"}],"predecessor-version":[{"id":1195,"href":"https:\/\/www.feuerwehr-eddelak.de\/wcms\/wp-json\/wp\/v2\/pages\/298\/revisions\/1195"}],"up":[{"embeddable":true,"href":"https:\/\/www.feuerwehr-eddelak.de\/wcms\/wp-json\/wp\/v2\/pages\/296"}],"wp:attachment":[{"href":"https:\/\/www.feuerwehr-eddelak.de\/wcms\/wp-json\/wp\/v2\/media?parent=298"}],"curies":[{"name":"wp","href":"https:\/\/api.w.org\/{rel}","templated":true}]}}