{"id":307,"date":"2011-03-23T13:13:17","date_gmt":"2011-03-23T13:13:17","guid":{"rendered":"http:\/\/www.ff-eddelak.de\/wcms\/?page_id=307"},"modified":"2012-12-07T23:58:40","modified_gmt":"2012-12-07T22:58:40","slug":"grilltipps","status":"publish","type":"page","link":"https:\/\/www.feuerwehr-eddelak.de\/wcms\/ihre-sicherheit\/grilltipps\/","title":{"rendered":"Grilltipps"},"content":{"rendered":"<h3>Tipps f\u00fcr die Grillsaison<\/h3>\n<p><img loading=\"lazy\" decoding=\"async\" class=\"alignright\" style=\"border: 0px;\" src=\"http:\/\/feuerwehr-eddelak.de\/wcms\/wp-content\/backward-image\/grillen.jpg\" alt=\"Grillen\" width=\"200\" height=\"160\" align=\"right\" border=\"0\" \/> Sommerzeit &#8211; Grillzeit. Sobald die Sonne scheint tauchen auch auf vielen Terrassen, Balkonen, in vielen G\u00e4rten und an offenen Pl\u00e4tzen die Grills auf. Doch h\u00e4ufig endet ein entspannter Grillausflug anders als geplant.<br \/>\nDamit ein entspannter Grillausflug auch ein entspannter Grillausflug bleibt braucht es gar nicht so viel:<\/p>\n<ul>\n<li>Achten Sie bei der Wahl des Standortes von dem Grill auf einen festen Stand.<\/li>\n<li>Stellen Sie den Grill in einem sicheren Abstand zum Tisch auf, sodass Funken niemanden verletzten k\u00f6nnen.<\/li>\n<li>Lassen Sie den Grill nie unbeaufsichtigt stehe. Auch Kinder sollten sich nicht in der N\u00e4he des Grills spielen.<\/li>\n<li>Grillen Sie nach M\u00f6glichkeit nicht bei starkem Wind.<\/li>\n<li>Benutzen Sie zum Anz\u00fcnden der Holzkohle immer die daf\u00fcr vorgesehenen Grillanz\u00fcnder. Benutzen Sie niemals Brandbeschleuniger wie Spiritus oder Benzin.<\/li>\n<li>Spritzen Sie auch keinen Brandbeschleuniger in die Holzkohle.<\/li>\n<li>Achten Sie bei der Verwendung von Gasgrills besonders darauf, dass die Dichtungen alle fest angezogen sind und die Schl\u00e4uche nicht unn\u00f6tiger Hitze ausgesetzt sind.<\/li>\n<li>Verwenden Sie Handschuhe und eine lange Grillzange.<\/li>\n<li>In die Grillkohle antropfendes Fett kann zu Flammenbildung f\u00fchren. Au\u00dferdem entstehen hierbei giftige Kohlenwasserstoffe die sich auch am Grillgut niederschlagen. Achten Sie darauf und verwenden sie ggf. Alufolie.<\/li>\n<li>Wenn sich Fett entz\u00fcndet haben sollte, l\u00f6schen Sie es NIEMALS mit Wasser oder anderen Fl\u00fcssigkeiten (Bier, etc.). Dies f\u00fchrt zu einer Fettexplosion.<\/li>\n<li>Grillen Sie nie in geschlossenen R\u00e4umen. Hier kann es zu Kohlenmonoxidbildung kommen.<\/li>\n<li>Entsorgen Sie Grillkohle erst wenn Sie v\u00f6llig erkaltet ist.<\/li>\n<li>Halten Sie f\u00fcr Notf\u00e4lle immer einen Eimer Wasser bereit.<\/li>\n<li>Sollte doch etwas passiert sein, scheuen Sie sich nicht die Feuerwehr \u00fcber 112 zu alarmieren.<\/li>\n<\/ul>\n<p>Verwenden Sie niemals Brandbeschleuniger zum Anz\u00fcnden des Grills:<\/p>\n<p>[yframe url=&#8217;http:\/\/www.youtube.com\/watch?v=qTTjOMRmsAY&#8216;]<\/p>\n","protected":false},"excerpt":{"rendered":"Tipps f\u00fcr die Grillsaison\n Sommerzeit &#8211; Grillzeit. Sobald die Sonne scheint tauchen auch auf vielen Terrassen, Balkonen, in vielen G\u00e4rten und an offenen Pl\u00e4tzen die &hellip;","protected":false},"author":1,"featured_media":0,"parent":296,"menu_order":2,"comment_status":"open","ping_status":"open","template":"","meta":{"ngg_post_thumbnail":0,"footnotes":""},"class_list":["post-307","page","type-page","status-publish","hentry"],"_links":{"self":[{"href":"https:\/\/www.feuerwehr-eddelak.de\/wcms\/wp-json\/wp\/v2\/pages\/307","targetHints":{"allow":["GET"]}}],"collection":[{"href":"https:\/\/www.feuerwehr-eddelak.de\/wcms\/wp-json\/wp\/v2\/pages"}],"about":[{"href":"https:\/\/www.feuerwehr-eddelak.de\/wcms\/wp-json\/wp\/v2\/types\/page"}],"author":[{"embeddable":true,"href":"https:\/\/www.feuerwehr-eddelak.de\/wcms\/wp-json\/wp\/v2\/users\/1"}],"replies":[{"embeddable":true,"href":"https:\/\/www.feuerwehr-eddelak.de\/wcms\/wp-json\/wp\/v2\/comments?post=307"}],"version-history":[{"count":3,"href":"https:\/\/www.feuerwehr-eddelak.de\/wcms\/wp-json\/wp\/v2\/pages\/307\/revisions"}],"predecessor-version":[{"id":1085,"href":"https:\/\/www.feuerwehr-eddelak.de\/wcms\/wp-json\/wp\/v2\/pages\/307\/revisions\/1085"}],"up":[{"embeddable":true,"href":"https:\/\/www.feuerwehr-eddelak.de\/wcms\/wp-json\/wp\/v2\/pages\/296"}],"wp:attachment":[{"href":"https:\/\/www.feuerwehr-eddelak.de\/wcms\/wp-json\/wp\/v2\/media?parent=307"}],"curies":[{"name":"wp","href":"https:\/\/api.w.org\/{rel}","templated":true}]}}