{"id":310,"date":"2011-03-23T13:24:55","date_gmt":"2011-03-23T13:24:55","guid":{"rendered":"http:\/\/www.ff-eddelak.de\/wcms\/?page_id=310"},"modified":"2012-12-08T00:00:40","modified_gmt":"2012-12-07T23:00:40","slug":"hydranten","status":"publish","type":"page","link":"https:\/\/www.feuerwehr-eddelak.de\/wcms\/ihre-sicherheit\/hydranten\/","title":{"rendered":"Hydranten"},"content":{"rendered":"<h3>L\u00f6schmittel Wasser<\/h3>\n<div style=\"width: 160px\" class=\"wp-caption alignleft\"><img loading=\"lazy\" decoding=\"async\" src=\"http:\/\/feuerwehr-eddelak.de\/wcms\/wp-content\/backward-image\/wasser.jpg\" alt=\"Wasser\" width=\"150\" height=\"85\" align=\"left\" \/><p class=\"wp-caption-text\">Wasser &#8211; Bei Feuer unser L\u00f6schmittel Nr. 1<\/p><\/div>\n<p>Wasser ist eines der kostbarsten G\u00fcter unsere Erde. Ohne Wasser w\u00e4re Leben wie wir es kennen nicht denkbar. Aber Wasser kann nicht nur durch seine Eigenschaften innerhalb eines biologischen Organismus Leben geben. Im Feuerl\u00f6schwesen ist Wasser das L\u00f6schmittel Nummer Eins. Hier wird besonders die k\u00fchlende Wirkung von Wasser ausgenutzt um Feuer zu bek\u00e4mpfen.<\/p>\n<p>Da Wasser bei klassischen L\u00f6scharbeiten so wichtig ist haben moderne L\u00f6schfahrzeuge bereits einen Wassertank an Bord. Dieser Wasservorrat ist jedoch stark begrenzt und reicht auch im g\u00fcnstigsten Fall nur f\u00fcr wenige Minuten. Bei kleineren Br\u00e4den kann dies zwar h\u00e4ufig ausreichen um Personen und G\u00fcter zu retten, es kann jedoch kein umfassender und langfristiger Schutz gew\u00e4hrleistet werden. Eine umfassendere Wasserversorgung bei fast allen Feuerwehreins\u00e4tzen unabdingbar.<\/p>\n<p>Wasser kann im Einsatzfall auf zwei verschiede Arten bezogen werden. Einmal \u00fcber sog. &#8222;offene Wasserentnahmestellen&#8220;. Dies sind Gr\u00e4ben, Fl\u00fcsse oder auch Seen die gen\u00fcgend Wasser f\u00fchren um als Wasserquelle zu dienen. Dabei wird Wasser \u00fcber Pumpen entnommen. Die andere, und besonders innerhalb von Stadt oder Dorf wesentlich wichtigere Wasserquelle, sind Hydranten.<\/p>\n<div style=\"width: 160px\" class=\"wp-caption alignright\"><img loading=\"lazy\" decoding=\"async\" src=\"http:\/\/feuerwehr-eddelak.de\/wcms\/wp-content\/backward-image\/hydrantenschild.jpg\" alt=\"Hydrantenschild\" width=\"150\" height=\"121\" align=\"right\" \/><p class=\"wp-caption-text\">Hydrantenschild<\/p><\/div>\n<div style=\"width: 160px\" class=\"wp-caption alignleft\"><img loading=\"lazy\" decoding=\"async\" src=\"http:\/\/feuerwehr-eddelak.de\/wcms\/wp-content\/backward-image\/hydrant.jpg\" alt=\"Hydrantendeckel\" width=\"150\" height=\"119\" align=\"left\" \/><p class=\"wp-caption-text\">Hydrantendeckel<\/p><\/div>\n<p>Hydranten sind Zug\u00e4nge zum Wasserversorgungsnetz, das auch ihren Wasserhahn mit Wasser versorgt. Ein Hydrant wird gekennzeichnet durch ein rot umrahmtes Schild, das Sie entlang von Stra\u00a7en alle paar 100 Meter sehen k\u00f6nnen, gekennzeichnet. Dieses Schild besteht aus viere Bereichen. Oberhalb des gro\u00a7en &#8222;T&#8220; findet sich der Durchmesser der Wasserleitung, aus dem das Wasser entnommen wird. Eine 100 steht z.B. f\u00fcr ein Rohr mit einem Innendurchmesser von 100mm. Die Faustregel besagt, dass das 10 fache des Durchmessers an Wasser in der Minute entnommen werden kann. In diesem Fall also 1000l\/min. Die Werte links, rechts und vor dem &#8222;T&#8220; geben die Entfernung des eigentlichen Hydranten von dem Schild an, da diese nicht unbedingt direkt nebeneinander stehen liegen m\u00fcssen. Der eigentliche Hydrant ist dann durch einen Deckel in der Stra\u00a7e ober innerhalb eines Betonfusses erkennbar. Unterhalb dieses Deckels findet sich eine Fassung f\u00fcr ein sog. Standrohr. Letzteres muss in die Fassung hineingedreht werden um, nach dem Aufdrehen des Absperrventils, dort Wasser entnehmen zu k\u00f6nnen.<\/p>\n<p>Um bei L\u00f6scharbeiten an Wasser zu kommen muss die Feuerwehr also nur wissen wo die Hydranten zu finden sind und dann die entsprechenden Hydranten \u00f6ffnen. Um die Hydranten zu finden, denn in aller Regel kennt man nicht alle Hydranten die in dem eigenen L\u00f6schbezirk vorhanden sind, befinden sich auf den L\u00f6schfahrzeugen Verzeichnisse aller Hydranten. Die knapp 100 Hydranten unseres L\u00f6schbezirkes k\u00f6nnen auf der Karte unterhalb des Textes eingesehen werden.<\/p>\n<p>Wenn die Hydranten ersteinmal ausfindig gemacht wurden kommt es jedoch vor, dass diese verdeckt oder auch z.B. durch PKWs blockiert werden. Achten Sie also ggf. beim Parken ihres Wagens auf kleine rote Schilder die das vorhandensein von Hydranten signalisieren.<\/p>\n","protected":false},"excerpt":{"rendered":"L\u00f6schmittel Wasser\nWasser &#8211; Bei Feuer unser L\u00f6schmittel Nr. 1\nWasser ist eines der kostbarsten G\u00fcter unsere Erde. Ohne Wasser w\u00e4re Leben wie wir es kennen nicht &hellip;","protected":false},"author":1,"featured_media":0,"parent":296,"menu_order":3,"comment_status":"open","ping_status":"open","template":"","meta":{"ngg_post_thumbnail":0,"footnotes":""},"class_list":["post-310","page","type-page","status-publish","hentry"],"_links":{"self":[{"href":"https:\/\/www.feuerwehr-eddelak.de\/wcms\/wp-json\/wp\/v2\/pages\/310","targetHints":{"allow":["GET"]}}],"collection":[{"href":"https:\/\/www.feuerwehr-eddelak.de\/wcms\/wp-json\/wp\/v2\/pages"}],"about":[{"href":"https:\/\/www.feuerwehr-eddelak.de\/wcms\/wp-json\/wp\/v2\/types\/page"}],"author":[{"embeddable":true,"href":"https:\/\/www.feuerwehr-eddelak.de\/wcms\/wp-json\/wp\/v2\/users\/1"}],"replies":[{"embeddable":true,"href":"https:\/\/www.feuerwehr-eddelak.de\/wcms\/wp-json\/wp\/v2\/comments?post=310"}],"version-history":[{"count":1,"href":"https:\/\/www.feuerwehr-eddelak.de\/wcms\/wp-json\/wp\/v2\/pages\/310\/revisions"}],"predecessor-version":[{"id":1088,"href":"https:\/\/www.feuerwehr-eddelak.de\/wcms\/wp-json\/wp\/v2\/pages\/310\/revisions\/1088"}],"up":[{"embeddable":true,"href":"https:\/\/www.feuerwehr-eddelak.de\/wcms\/wp-json\/wp\/v2\/pages\/296"}],"wp:attachment":[{"href":"https:\/\/www.feuerwehr-eddelak.de\/wcms\/wp-json\/wp\/v2\/media?parent=310"}],"curies":[{"name":"wp","href":"https:\/\/api.w.org\/{rel}","templated":true}]}}