{"id":321,"date":"2011-03-23T13:40:21","date_gmt":"2011-03-23T13:40:21","guid":{"rendered":"http:\/\/www.ff-eddelak.de\/wcms\/?page_id=321"},"modified":"2025-10-30T10:01:04","modified_gmt":"2025-10-30T09:01:04","slug":"impressum","status":"publish","type":"page","link":"https:\/\/www.feuerwehr-eddelak.de\/wcms\/impressum\/","title":{"rendered":"Impressum"},"content":{"rendered":"\n<h1 class=\"wp-block-heading\"><strong>Angaben gem\u00e4\u00df \u00a7 5 DDG<\/strong><\/h1>\n\n\n\n<p><strong>Freiwillige Feuerwehr Eddelak<\/strong><br>Wilhelm-Johnsen-Stra\u00dfe 9<br>D-25715 Eddelak<\/p>\n\n\n\n<p><strong>Tr\u00e4ger der Freiwilligen Feuerwehr:<\/strong><br><strong>Gemeinde Eddelak<\/strong>, Vertreten durch B\u00fcrgermeister Hauke Oeser<br>Um de M\u00f6hl 42<br>25715 Eddelak<br>K\u00f6rperschaft des \u00f6ffentlichen Rechts<\/p>\n\n\n\n<p><strong>Wehrf\u00fchrung:<\/strong><br>Peter Ha\u00df<br>Bahnhofstra\u00dfe<br>D-25715 Eddelak<br>E-Mail:&nbsp;<a>peter.hass@feuerwehr-eddelak.de<\/a><\/p>\n\n\n\n<p><strong>Webmaster:<\/strong><br>Christian Carstens \u2013 Bahnhofstra\u00dfe \u2013 D-25715 Eddelak \u2013&nbsp;<a>christian.carstens@feuerwehr-eddelak.de<\/a><br>Steffen Delfs \u2013 Wiesengrund \u2013 D-25715 Eddelak \u2013&nbsp;<a>steffen.delfs@feuerwehr-eddelak.de<\/a><br>Ean-Luca Ehrlich \u2013 Theeberg \u2013 D-25715 Eddelak \u2013&nbsp;<a>ean.ehrlich@feuerwehr-eddelak.de<\/a><\/p>\n\n\n\n<h2 class=\"wp-block-heading\"><strong>Verantwortlich im Sinne des \u00a7 18 Abs. 2 MStV<\/strong><\/h2>\n\n\n\n<p>Peter Ha\u00df<br>Freiwillige Feuerwehr Eddelak<br>Wilhelm-Johnsen-Stra\u00dfe 9<br>D-25715 Eddelak<br>E-Mail:\u00a0<a>peter.hass@feuerwehr-eddelak.de<\/a><\/p>\n\n\n\n<hr class=\"wp-block-separator has-alpha-channel-opacity\"\/>\n\n\n\n<h1 class=\"wp-block-heading\"><strong>Haftungsausschlus<\/strong>s<\/h1>\n\n\n\n<p><strong>Haftung f\u00fcr Inhalte<\/strong><\/p>\n\n\n\n<p>mit gr\u00f6\u00dfter Sorgfalt erstellt. F\u00fcr die Richtigkeit, Vollst\u00e4ndigkeit und Aktualit\u00e4t der Inhalte \u00fcbernehmen wir keine Gew\u00e4hr.<br>Als Diensteanbieter sind wir gem\u00e4\u00df \u00a7 7 Abs. 1 DDG f\u00fcr eigene Inhalte auf diesen Seiten nach den allgemeinen Gesetzen verantwortlich.<br>Nach \u00a7\u00a7 8 bis 10 DDG sind wir jedoch nicht verpflichtet, \u00fcbermittelte oder gespeicherte fremde Informationen zu \u00fcberwachen oder nach Umst\u00e4nden zu forschen, die auf eine rechtswidrige T\u00e4tigkeit hinweisen.<br>Verpflichtungen zur Entfernung oder Sperrung der Nutzung von Informationen nach den allgemeinen Gesetzen bleiben hiervon unber\u00fchrt. Eine Haftung ist jedoch erst ab Kenntnis einer konkreten Rechtsverletzung m\u00f6glich.<br>Bei Bekanntwerden entsprechender Verst\u00f6\u00dfe werden wir diese Inhalte umgehend entfernen.<\/p>\n\n\n\n<p><strong>Haftung f\u00fcr Links<\/strong><\/p>\n\n\n\n<p>Unser Angebot enth\u00e4lt Links zu externen Websites Dritter, auf deren Inhalte wir keinen Einfluss haben.<br>Deshalb k\u00f6nnen wir f\u00fcr diese fremden Inhalte keine Gew\u00e4hr \u00fcbernehmen.<br>F\u00fcr die Inhalte der verlinkten Seiten ist stets der jeweilige Anbieter oder Betreiber der Seiten verantwortlich.<br>Zum Zeitpunkt der Verlinkung wurden die Seiten auf m\u00f6gliche Rechtsverst\u00f6\u00dfe \u00fcberpr\u00fcft \u2013 rechtswidrige Inhalte waren nicht erkennbar.<br>Eine permanente Kontrolle der verlinkten Seiten ist jedoch ohne konkrete Anhaltspunkte einer Rechtsverletzung nicht zumutbar.<br>Bei Bekanntwerden von Rechtsverletzungen werden wir derartige Links umgehend entfernen.<\/p>\n\n\n\n<p><strong>Urheberrecht<\/strong><\/p>\n\n\n\n<p>Die durch die Seitenbetreiber erstellten Inhalte und Werke auf diesen Seiten unterliegen dem deutschen Urheberrecht. Beitr\u00e4ge Dritter sind als solche gekennzeichnet. Die Vervielf\u00e4ltigung, Bearbeitung, Verbreitung und jede Art der Verwertung au\u00dferhalb der Grenzen des Urheberrechts bed\u00fcrfen der schriftlichen Zustimmung des jeweiligen Autors bzw. Erstellers.<\/p>\n\n\n\n<h1 class=\"wp-block-heading\"><strong>Datenschutzhinweise<\/strong><\/h1>\n\n\n\n<p><em>(gem\u00e4\u00df Datenschutz-Grundverordnung (DSGVO) und Telekommunikation-Digitale-Dienste-Datenschutz-Gesetz (TDDDG))<\/em><\/p>\n\n\n\n<p><strong>Verantwortlicher<\/strong><\/p>\n\n\n\n<p>Verantwortlicher im Sinne von Art. 4 Nr. 7 DSGVO ist:<br><strong>Gemeinde Eddelak<\/strong>, vertreten durch den B\u00fcrgermeister<br>Wilhelm-Johnsen-Stra\u00dfe 9, 25715 Eddelak<br>E-Mail:&nbsp;<a>info@eddelak.de<\/a><\/p>\n\n\n\n<p><strong>Allgemeines<\/strong><\/p>\n\n\n\n<p>Der Schutz Ihrer personenbezogenen Daten ist uns wichtig.<br>Die Nutzung unserer Website ist in der Regel ohne Angabe personenbezogener Daten m\u00f6glich.<br>Soweit auf unseren Seiten personenbezogene Daten (z. B. Name, Anschrift, E-Mail-Adresse) erhoben werden, erfolgt dies stets auf freiwilliger Basis.<br>Diese Daten werden ohne Ihre ausdr\u00fcckliche Zustimmung nicht an Dritte weitergegeben.<\/p>\n\n\n\n<p>Wir weisen darauf hin, dass die Daten\u00fcbertragung im Internet (z. B. bei der Kommunikation per E-Mail) Sicherheitsl\u00fccken aufweisen kann.<br>Ein l\u00fcckenloser Schutz der Daten vor dem Zugriff durch Dritte ist nicht m\u00f6glich.<\/p>\n\n\n\n<p><strong>Kontaktformular<\/strong><\/p>\n\n\n\n<p>Wenn Sie uns per Formular Anfragen zukommen lassen, werden Ihre Angaben inklusive der Kontaktdaten zur Bearbeitung der Anfrage und f\u00fcr m\u00f6gliche R\u00fcckfragen gespeichert.<br>Diese Daten geben wir nicht ohne Ihre Einwilligung weiter.<br>Die Verarbeitung erfolgt gem\u00e4\u00df Art. 6 Abs. 1 lit. a (auf Basis Ihrer Einwilligung) oder lit. b (Vertrag\/Vorvertrag) DSGVO.<br>Eine erteilte Einwilligung kann jederzeit per E-Mail widerrufen werden.<\/p>\n\n\n\n<p><strong>Externe Inhalte und eingebettete Dienste<\/strong><\/p>\n\n\n\n<p>Auf unseren Seiten k\u00f6nnen Inhalte externer Anbieter eingebunden sein, z. B. Kartenmaterial von Google Maps, eingebettete YouTube-Videos oder Social-Media-Beitr\u00e4ge.<br>Beim Aufruf einer Seite mit einem solchen eingebetteten Inhalt werden&nbsp;<strong>automatisch Daten an den jeweiligen Anbieter \u00fcbermittelt<\/strong>, z. B.:<\/p>\n\n\n\n<ul class=\"wp-block-list\">\n<li>Ihre IP-Adresse<\/li>\n\n\n\n<li>Informationen \u00fcber den verwendeten Browser und das Betriebssystem<\/li>\n\n\n\n<li>ggf. die Seite, von der aus Sie den Inhalt aufgerufen haben (Referrer-URL)<\/li>\n<\/ul>\n\n\n\n<p>Diese Daten\u00fcbertragung erfolgt unabh\u00e4ngig davon, ob Sie \u00fcber ein Nutzerkonto beim jeweiligen Anbieter verf\u00fcgen oder dort eingeloggt sind.<br>Wenn Sie gleichzeitig bei einem Anbieter eingeloggt sind, k\u00f6nnen die \u00fcbermittelten Daten Ihrem dortigen Konto zugeordnet werden.<\/p>\n\n\n\n<p>Die Einbindung dieser Inhalte erfolgt im Interesse einer ansprechenden Darstellung und Informationsvermittlung auf unserer Website.<br>Rechtsgrundlage ist Art. 6 Abs. 1 lit. f DSGVO (berechtigtes Interesse).<\/p>\n\n\n\n<p>Weitere Informationen zum Datenschutz der jeweiligen Anbieter finden Sie hier:<\/p>\n\n\n\n<ul class=\"wp-block-list\">\n<li><strong>Google (YouTube, Google Maps)<\/strong>:&nbsp;<a href=\"https:\/\/policies.google.com\/privacy\">https:\/\/policies.google.com\/privacy<\/a><\/li>\n\n\n\n<li><strong>Facebook \/ Instagram (Meta Platforms)<\/strong>:&nbsp;<a href=\"https:\/\/www.facebook.com\/privacy\">https:\/\/www.facebook.com\/privacy<\/a><\/li>\n\n\n\n<li><strong>X (ehemals Twitter)<\/strong>:&nbsp;<a href=\"https:\/\/twitter.com\/privacy\">https:\/\/twitter.com\/privacy<\/a><\/li>\n<\/ul>\n\n\n\n<p><strong>Server-Log-Dateien<\/strong><\/p>\n\n\n\n<p>Der Provider der Seiten erhebt und speichert automatisch Informationen, die Ihr Browser automatisch \u00fcbermittelt, z. B.:<\/p>\n\n\n\n<ul class=\"wp-block-list\">\n<li>Browsertyp und -version<\/li>\n\n\n\n<li>verwendetes Betriebssystem<\/li>\n\n\n\n<li>Referrer URL<\/li>\n\n\n\n<li>Hostname des zugreifenden Rechners<\/li>\n\n\n\n<li>Uhrzeit der Serveranfrage<\/li>\n\n\n\n<li>IP-Adresse<\/li>\n<\/ul>\n\n\n\n<p>Eine Zusammenf\u00fchrung dieser Daten mit anderen Datenquellen erfolgt nicht.<br>Rechtsgrundlage ist Art. 6 Abs. 1 lit. f DSGVO (berechtigtes Interesse an der technisch fehlerfreien Bereitstellung und Optimierung der Website).<\/p>\n\n\n\n<p><strong>Rechte der betroffenen Personen<\/strong><\/p>\n\n\n\n<p>Sie haben jederzeit das Recht auf:<\/p>\n\n\n\n<ul class=\"wp-block-list\">\n<li>Auskunft (Art. 15 DSGVO)<\/li>\n\n\n\n<li>Berichtigung (Art. 16 DSGVO)<\/li>\n\n\n\n<li>L\u00f6schung (Art. 17 DSGVO)<\/li>\n\n\n\n<li>Einschr\u00e4nkung der Verarbeitung (Art. 18 DSGVO)<\/li>\n\n\n\n<li>Daten\u00fcbertragbarkeit (Art. 20 DSGVO)<\/li>\n\n\n\n<li>Beschwerde bei der zust\u00e4ndigen Datenschutzaufsichtsbeh\u00f6rde (Art. 77 DSGVO)<\/li>\n<\/ul>\n\n\n\n<p><strong>Widerspruch gegen Werbe-E-Mails<\/strong><\/p>\n\n\n\n<p>Der Nutzung der im Rahmen der Impressumspflicht ver\u00f6ffentlichten Kontaktdaten zur \u00dcbersendung von nicht ausdr\u00fccklich angeforderter Werbung und Informationsmaterialien wird hiermit widersprochen.<br>Die Betreiber behalten sich rechtliche Schritte im Falle der unverlangten Zusendung von Werbeinformationen (z. B. Spam-E-Mails) vor.<\/p>\n\n\n\n<p><strong>Geltungsbereich<\/strong><\/p>\n\n\n\n<p>Diese Hinweise gelten f\u00fcr die Website der Freiwilligen Feuerwehr Eddelak sowie f\u00fcr deren offizielle Online-Auftritte auf sozialen Netzwerken, soweit dort keine eigenen Datenschutzhinweise gelten.<\/p>\n\n\n\n<p><strong>Stand:<\/strong>&nbsp;Oktober 2025<\/p>\n","protected":false},"excerpt":{"rendered":"\nAngaben gem\u00e4\u00df \u00a7 5 DDG\n\n\n\nFreiwillige Feuerwehr EddelakWilhelm-Johnsen-Stra\u00dfe 9D-25715 Eddelak\n\n\n\nTr\u00e4ger der Freiwilligen Feuerwehr:Gemeinde Eddelak, Vertreten durch B\u00fcrgermeister Hauke OeserUm de M\u00f6hl 4225715 EddelakK\u00f6rperschaft des \u00f6ffentlichen Rechts\n\n\n\nWehrf\u00fchrung:Peter &hellip;","protected":false},"author":1,"featured_media":0,"parent":0,"menu_order":100,"comment_status":"open","ping_status":"open","template":"","meta":{"ngg_post_thumbnail":0,"footnotes":""},"class_list":["post-321","page","type-page","status-publish","hentry"],"_links":{"self":[{"href":"https:\/\/www.feuerwehr-eddelak.de\/wcms\/wp-json\/wp\/v2\/pages\/321","targetHints":{"allow":["GET"]}}],"collection":[{"href":"https:\/\/www.feuerwehr-eddelak.de\/wcms\/wp-json\/wp\/v2\/pages"}],"about":[{"href":"https:\/\/www.feuerwehr-eddelak.de\/wcms\/wp-json\/wp\/v2\/types\/page"}],"author":[{"embeddable":true,"href":"https:\/\/www.feuerwehr-eddelak.de\/wcms\/wp-json\/wp\/v2\/users\/1"}],"replies":[{"embeddable":true,"href":"https:\/\/www.feuerwehr-eddelak.de\/wcms\/wp-json\/wp\/v2\/comments?post=321"}],"version-history":[{"count":31,"href":"https:\/\/www.feuerwehr-eddelak.de\/wcms\/wp-json\/wp\/v2\/pages\/321\/revisions"}],"predecessor-version":[{"id":11563,"href":"https:\/\/www.feuerwehr-eddelak.de\/wcms\/wp-json\/wp\/v2\/pages\/321\/revisions\/11563"}],"wp:attachment":[{"href":"https:\/\/www.feuerwehr-eddelak.de\/wcms\/wp-json\/wp\/v2\/media?parent=321"}],"curies":[{"name":"wp","href":"https:\/\/api.w.org\/{rel}","templated":true}]}}