{"id":328,"date":"2011-03-23T19:54:47","date_gmt":"2011-03-23T19:54:47","guid":{"rendered":"http:\/\/www.ff-eddelak.de\/wcms\/?page_id=328"},"modified":"2012-12-15T12:32:01","modified_gmt":"2012-12-15T11:32:01","slug":"125-jahre-freiwillige-feuerwehr-eddelak","status":"publish","type":"page","link":"https:\/\/www.feuerwehr-eddelak.de\/wcms\/wir-uber-uns\/geschichte\/125-jahre-freiwillige-feuerwehr-eddelak\/","title":{"rendered":"125 Jahre Freiwillige Feuerwehr Eddelak"},"content":{"rendered":"<p>Die Freiwillige Feuerwehr Eddelak besteht seit nun mehr 125 Jahren. Wir m\u00f6chten Sie recht herzlich einladen an unseren Feierlichkeiten Teilzuhaben. Im Folgenden finden Sie unser Festprogramm, eine umfassende Festschrift zum herunterladen, sowie ein Veranstaltungstagebuch das sie \u00fcber alles in Wort und Bild informieren wird falls Sie nicht selber teilnehmen k\u00f6nnen.<\/p>\n<h4>Programm<\/h4>\n<table border=\"0\">\n<tbody>\n<tr>\n<td colspan=\"3\"><strong>Mittwoch, 24.05.2006<\/strong><\/td>\n<\/tr>\n<tr>\n<td width=\"120\">14:00 Uhr<\/td>\n<td>Umzug der Grundschule Eddelak<\/td>\n<td><\/td>\n<\/tr>\n<tr>\n<td>15:00 &#8211; 18:00 Uhr<\/td>\n<td>Vogelschie\u00dfen der Grundschule Eddelak<\/td>\n<td><\/td>\n<\/tr>\n<tr>\n<td>ab 21:00 Uhr<\/td>\n<td>Oldie- Nacht mit &#8222;The Paddocks&#8220;<\/td>\n<td><\/td>\n<\/tr>\n<tr>\n<td colspan=\"3\"><\/td>\n<\/tr>\n<tr>\n<td colspan=\"3\"><strong>Donnerstag, 25.05.2006<\/strong><\/td>\n<\/tr>\n<tr>\n<td>10:00 Uhr<\/td>\n<td>Feuerwehr-Gottesdienst zum Florianstag<\/td>\n<td><\/td>\n<\/tr>\n<tr>\n<td>11:00 Uhr<\/td>\n<td>Fr\u00fchschoppen mit Blasorchester Neufeld-Marne<\/td>\n<td><\/td>\n<\/tr>\n<tr>\n<td>ab 11:30 Uhr<\/td>\n<td>F\u00fcr das leibliche Wohl ist gesorgt<\/td>\n<td><\/td>\n<\/tr>\n<tr>\n<td>15:00 Uhr<\/td>\n<td>Vatertagsveranstaltung mit Musik, Kaffee und Kuchen<\/td>\n<td><\/td>\n<\/tr>\n<tr>\n<td colspan=\"3\"><\/td>\n<\/tr>\n<tr>\n<td colspan=\"3\"><strong>Freitag, 26.05.2006<\/strong><\/td>\n<\/tr>\n<tr>\n<td>ab 21:00 Uhr<\/td>\n<td>Disco<\/td>\n<td><\/td>\n<\/tr>\n<tr>\n<td colspan=\"3\"><\/td>\n<\/tr>\n<tr>\n<td colspan=\"3\"><strong>Samstag, 27.05.2006<\/strong><\/td>\n<\/tr>\n<tr>\n<td>ab 09:30 Uhr<\/td>\n<td>Tag der offenen T\u00fcr<\/td>\n<td><\/td>\n<\/tr>\n<tr>\n<td valign=\"top\">bis 12:00 Uhr<\/td>\n<td>Wettkampf der aktiven Feuerwehren aus dem Amt gegen die Jugendfeuerwehr<\/td>\n<td><\/td>\n<\/tr>\n<tr>\n<td>12:00 Uhr<\/td>\n<td>offizielle Einweihung des Dachbodens<\/td>\n<td><\/td>\n<\/tr>\n<tr>\n<td>14:00 Uhr<\/td>\n<td>Festumzug<\/td>\n<td><\/td>\n<\/tr>\n<tr>\n<td>15:00 &#8211; 17:00 Uhr<\/td>\n<td>Festakt im Zelt<\/td>\n<td><\/td>\n<\/tr>\n<tr>\n<td>ab 20:00 Uhr<\/td>\n<td>\u00d6ffentlicher Festball mit &#8222;Silver Rain&#8220;<\/td>\n<td><\/td>\n<\/tr>\n<tr>\n<td colspan=\"3\"><\/td>\n<\/tr>\n<tr>\n<td colspan=\"3\"><strong>Sonntag, 28.05.2006<\/strong><\/td>\n<\/tr>\n<tr>\n<td>09:30 Uhr<\/td>\n<td>Gottesdienst<\/td>\n<td><\/td>\n<\/tr>\n<tr>\n<td>10:30 Uhr<\/td>\n<td>Fr\u00fchschoppen mit Chanty Chor<\/td>\n<td><\/td>\n<\/tr>\n<tr>\n<td>14:30 &#8211; 18:00 Uhr<\/td>\n<td>S\u00e4ngerfest Liedertafel Eddelak<\/td>\n<td><\/td>\n<\/tr>\n<tr>\n<td>18:00 Uhr<\/td>\n<td>Ausklang<\/td>\n<td><\/td>\n<\/tr>\n<\/tbody>\n<\/table>\n<h4><a name=\"festschrift\"><\/a>Festschrift<\/h4>\n<p>Hier finden Sie die Festschrift zum 125j\u00e4hrigen Bestehen der Wehr. Zum Betrachten ben\u00f6tigen Sie den <a href=\"http:\/\/www.adobe.de\/products\/acrobat\/readstep2.html\" target=\"_blank\">Acrobat Reader<\/a>.<br \/>\n<a href=\"http:\/\/feuerwehr-eddelak.de\/wcms\/wp-content\/backward-document\/Chronik_Web.pdf\" target=\"_blank\">Festschrift [1,08mb]<\/a><\/p>\n<h4><a name=\"veranstaltung\"><\/a>Veranstaltungstagebuch<\/h4>\n<div>27.02.2006<br \/>\nF\u00fcr all Diejenigen, die nicht am Geschehen teilhaben k\u00f6nnen, schlie\u00dflich l\u00e4sst sich das Niemand freiwillig entgehen, wird an dieser Stelle \u00fcber die tagesaktuellen Geschehnisse berichtet werden.<br \/>\nWer also nicht jetzt schon t\u00e4glich hier vorbeischaut, sollte sich dies bis sp\u00e4testens zur 125 Jahrfeier angew\u00f6hnen. Wir freuen uns auf ein Wiedersehen.<\/div>\n<div>14.05.2006<br \/>\nDer Countdown l\u00e4uft. In 10 Tagen ist es soweit. Unsere Wehr feiert ihr 125 j\u00e4hriges Bestehen. Dazu m\u00f6chten wir Sie \/ Euch nochmals herzlich einladen.<br \/>\nIn die Festwoche starten wollen wir am Mittwoch mit einer Oldie- Nacht. F\u00fcr das Musikalische sind an diesem Abend &#8222;The Paddocks&#8220; verantwortlich. Das weiter Programm findet sich unter Programm.<\/div>\n<div>\n<p>16.05.2006<\/p>\n<div><img loading=\"lazy\" decoding=\"async\" class=\"alignnone\" src=\"http:\/\/feuerwehr-eddelak.de\/wcms\/wp-content\/backward-image\/125\/geruest.jpg\" alt=\"Das Geruest steht\" width=\"200\" height=\"134\" align=\"left\" \/><br \/>\nDas Ger\u00fcst steht<\/div>\n<p>Der Countdown l\u00e4uft. Es sind noch 8 Tage.<br \/>\nAn diesen Tagen soll der Besucher durch ein Schild begr\u00fc\u00dft werden. Das Ger\u00fcst f\u00fcr dieses Schild (Foto folgt) steht seit gestern.<\/p>\n<\/div>\n<div>\n<p>20.05.2006<\/p>\n<div><img loading=\"lazy\" decoding=\"async\" class=\"alignnone\" style=\"border: 0px;\" src=\"http:\/\/feuerwehr-eddelak.de\/wcms\/wp-content\/backward-image\/125\/DSC02167_k.jpg\" alt=\"Der Herr des Schildes\" width=\"200\" height=\"150\" align=\"left\" border=\"0\" \/><br \/>\nHenning Stintmann beim Aufbau<\/div>\n<p>Das Fest r\u00fcckt merklich n\u00e4her. Das Ger\u00e4tehaus wird nochmal von Oben bis Unten auf Hochglanz poliert und an der Strasse wird das Ger\u00fcst mit Festschild best\u00fcckt.<br \/>\nIn den letzten Tagen und Wochen hat sich Henning Stintmann (oberes Foto, Vorne) hiermit allergr\u00f6\u00dfte M\u00fche gegeben, daf\u00fcr auch hier nochmal ein herzliches Dankesch\u00f6n.<br \/>\nEingerahmt von einem gewaltigen Kranz weist es nun den Besuchern den Weg zum Feuerwehrger\u00e4tehaus. F\u00fcr den Kranz, die \u00e4u\u00dferst tatkr\u00e4ftige Unterst\u00fctzung in und um das Ger\u00e4tehaus, das Fest an sich und nat\u00fcrlich auch f\u00fcr die moralische Unterst\u00fctzung auch schon einmal vielen Dank an unsere Feuerwehrfrauen.<\/p>\n<div><img loading=\"lazy\" decoding=\"async\" class=\"alignnone\" style=\"border: 0px;\" src=\"http:\/\/feuerwehr-eddelak.de\/wcms\/wp-content\/backward-image\/125\/DSC02183_k.jpg\" alt=\"Schild fertig\" width=\"200\" height=\"150\" border=\"0\" \/><\/div>\n<div>\nLeider nicht mehr rechtzeitig f\u00fcr die Festzeitschrift kam heute noch ein Gru\u00dfwort des Schleswig- Holsteinischen Ministerpr\u00e4sidenten Peter Harry Carstensen. Dies soll aber nat\u00fcrlich nicht vorenthalten werden und wird so nun an dieser Stelle ver\u00f6ffentlicht:<\/div>\n<h3>Gru\u00dfworte des Ministerpr\u00e4sidenten<\/h3>\n<p>Die Freiwillige Feuerwehr Eddelak wird 125 Jahre alt. Zu diesem Jubil\u00e4um gratuliere ich im Namen der Landesregierung Schleswig-Holstein und danke den Mitgliedern der Wehr f\u00fcr ihren Einsatz zum Wohl ihrer Mitb\u00fcrger.Die Frauen und M\u00e4nner in den Freiwilligen Feuerwehren leisten Beeindruckendes: Zu jeder Tages- und Nachtzeit sind sie bereit, f\u00fcr ihren N\u00e4chsten einzustehen. Sie l\u00f6schen Br\u00e4nde, retten Menschen bei Verkehrsunf\u00e4llen, bergen Hab und Gut und helfen in vielen Notlagen. Sie sind bereit, auch wenn sie nachts zum Einsatz gerufen werden.<\/p>\n<p>Trotz der vielen Anstrengungen, die sich mit ihrer Aufgabe verbinden, sind die Mitglieder der Freiwilligen Feuerwehren ehrenamtlich t\u00e4tig. Ihr Antrieb ist die Verantwortung gegen\u00fcber der Gemeinschaft. Das ist heutzutage nicht mehr selbstverst\u00e4ndlich. Die Feuerwehrfrauen und Feuerwehrm\u00e4nner in Eddelak wie im gesamten Land sind damit ein gro\u00dfes Vorbild f\u00fcr uns alle.<\/p>\n<p>F\u00fcr 125 Jahre Dienst am N\u00e4chsten spreche ich den Mitgliedern der Freiwilligen Feuerwehr Eddelak meinen Dank aus. M\u00f6gen Ihre aktiven Frauen und M\u00e4nner in Zukunft immer heil und gesund von ihren Eins\u00e4tzen und \u00dcbungen zur\u00fcckkehren!<\/p>\n<p>Peter Harry Carstensen Ministerpr\u00e4sident des Landes Schleswig-Holstein<\/p>\n<\/div>\n<div>\n<p>23.05.2006<\/p>\n<div><img loading=\"lazy\" decoding=\"async\" class=\"alignnone\" style=\"border: 0px;\" src=\"http:\/\/feuerwehr-eddelak.de\/wcms\/wp-content\/backward-image\/125\/DSC02188_k.jpg\" alt=\"Aufbauarbeiten\" width=\"200\" height=\"130\" border=\"0\" \/><\/div>\n<p>Nun trennt uns nur noch ein Tag von unserer Festwoche. Morgen gehts los. Zur Zeit stehen noch LKW und Anh\u00e4nger auf dem Platz hinter dem Feuerwehrger\u00e4tehaus. Ein paar Stunden weiter und es soll sich an dieser Stelle unser gro\u00dfes Festzelt befinden.<br \/>\nAuch wenn wir uns derzeit mit Petrus noch nicht ganz gr\u00fcn sind, so ist zumindest daf\u00fcr gesorgt, dass jedermann trocken und sauberen Fu\u00dfes zum Zelt findet.<br \/>\nAn dieser Stelle also nochmals eine herzliche Einladung an alle. Los gehts morgen mit dem Umzug der Grundschule und abends mit der Oldie- Nacht und &#8222;The Paddocks&#8220;.<\/p>\n<div><img loading=\"lazy\" decoding=\"async\" class=\"alignnone\" style=\"border: 0px;\" src=\"http:\/\/feuerwehr-eddelak.de\/wcms\/wp-content\/backward-image\/125\/DSC02201_k.jpg\" alt=\"Zelt von Innen\" width=\"200\" height=\"150\" border=\"0\" \/><br \/>\nDas Zelt von Innen<\/div>\n<p>18.15 Uhr, Nachtrag: Nur wenige Stunden sp\u00e4ter bietet sich dem Betrachter ein ganz anderes Bild. Das Zelt steht, Sitzgelegenheiten und Tresen sind ebenfalls schon im Zelt aufgebaut. Und auch vor dem Zelt wird nicht halt gemacht. F\u00fcr das leibliche Wohl ist gesorgt, hier stehen Verk\u00f6stigungsst\u00e4nde bereit. Ebenfalls mit dabei ist ein Kinderkarusell.<\/p>\n<\/div>\n<div>\n<p>24.05.2006 &#8211; Tag 1<\/p>\n<div><img decoding=\"async\" src=\"http:\/\/feuerwehr-eddelak.de\/wcms\/wp-content\/backward-image\/125\/DSC02211_k.jpg\" alt=\"Der Umzug\" border=\"0\" \/><br \/>\nDer Umzug<\/div>\n<p>Nun geht es endlich los. Mit dem Umzug der Grundschule Eddelak zum Kindervogelschie\u00dfen beginnt auch das Jubil\u00e4um der Freiwilligen Feuerwehr.<br \/>\nDer musikalisch begleitete Umzug durch die Gemeinde wurde von uns begleitet und in Zusammenarbeit mir der Polizei die Sicherung der Strassen \u00fcbernommen. Beginnend bei Suhrs Hotel, in dem sonst immer die anschlie\u00dfende Feier stattgefunden hat, ging es vorbei an der Eddelaker M\u00fchle, Um de M\u00f6hl und schlie\u00dflich entlang der Bahnhofstrasse zum Feuerwehrger\u00e4tehaus. Dort findet zu diesem Zeitpunkt noch die Feier statt. Und schon jetzt k\u00f6nnte die Stimmung kaum besser sein. Es lohnt sich also in jedem Fall in den n\u00e4chsten Tage vorbeizuschauen.<\/p>\n<div><img decoding=\"async\" src=\"http:\/\/feuerwehr-eddelak.de\/wcms\/wp-content\/backward-image\/125\/DSC02260_k.jpg\" alt=\"super Stimmung\" border=\"0\" \/><br \/>\nDie Stimmung im Zelt ist gut<\/div>\n<p>20.30 Uhr Nachtrag: Das Kinderfest samt Umzug ist nun wunderbar \u00fcber die B\u00fchne gegangen, wir danken dem DJ f\u00fcr den wundersch\u00f6nen Nachmittag, man wollte mal wieder so richtig gerne Kind sein. Das Zelt ist also ger\u00e4umt und es ist alles bereit f\u00fcr die Oldie- Nacht.<br \/>\nWeil es doch inzwischen schon mehr Fotos geworden sind, und ja bekanntlich ein Bild mehr sagt als 1000 Wort, gibt es f\u00fcr die 125 Jahrfeier auch eine Bildergalerie. Wer es aus irgendwelchen Gr\u00fcnden nicht schafft vorbeizuschauen, kann das Fest in der Bildergalerie auch optisch verfolgen.<\/p>\n<p>02.27 Uhr Nachtrag: F\u00fcr 21.00 Uhr war die Er\u00f6ffnung der Oldie-Night angesetzt und es regnete in Str\u00f6men, zumindest in engen Intervallen st\u00e4rker. Ein einen erfolgreichen Abend war zu dieser Zeit nicht einmal zu denken. Auch um 22.00 Uhr schien keine Entspannung in Sicht. Trotz des schlechten Wetters konnte man sich aber sp\u00e4testens um 23.00 Uhr nicht mehr \u00fcber mangelnde Beteiligung zu begklagen. Aber dieser Uhrzeit wurde auch das Wetter besser, d.h. es h\u00f6rte zu mindest auf zu regnen. Das Fest ist jetzt noch in vollem Gange und wird von einer wunderebaren sternenklaren Nacht begleitet. Also dennoch ein rundum erfolgreicher Abend.<\/p>\n<\/div>\n<div>\n<p>25.05.2006 &#8211; Tag 2<\/p>\n<div><img decoding=\"async\" src=\"http:\/\/feuerwehr-eddelak.de\/wcms\/wp-content\/backward-image\/125\/DSC02324_k.jpg\" alt=\"Parkplatz\" border=\"0\" \/><\/div>\n<p>Die letzte Nacht war nicht sehr lang und wieder werden keine Kosten und M\u00fchen gescheut es den Besuchern wieder so angenehm wie m\u00f6glich zu machen. Ger\u00e4tehaus und Parkplatz sind wieder hergerichtet und am Mittag wird schon gekocht. Nacherher wird es einen Feuerwehrgottesdienst geben. Ab 11.00 Uhr begeleitet die Neufelder Blaskapelle das Fr\u00fchshoppen. Zu Mittag kann sich bei der Brunsb\u00fcttler Feldk\u00fcche eingefunden werden, seit kurz vor sechs wird hier bereits die Erbensensuppe vorbereitet. Am 15.00 Uhr gibt es Kaffee und Kuchen bei Musik.<\/p>\n<div><img decoding=\"async\" src=\"http:\/\/feuerwehr-eddelak.de\/wcms\/wp-content\/backward-image\/125\/DSC02340_k.jpg\" alt=\"Gottesdienst\" border=\"0\" \/><br \/>\nEggert Schoof bekommt Gl\u00fcckw\u00fcnsche \u00fcberreicht<\/div>\n<p>Nachtrag 14.24 Uhr: Zu um 10.00 Uhr hatten wir zum Zeltgottesdienst geladen. Zusammen mit den Feuerwehrkameraden aus den Wehren Averlak und St. Michaelisdonn waren insgeamt 207 Interessierte der Einladung gefolgt und somit der Gottesdienst doch gut besucht. Begleitet von einer kleineren Abordnung der Neufelder Blaskapelle, die gesamte Kapelle sollte erst nach dem Gottesdienst spielen, hob Pastor Rainer Petrowski die Arbeit der Feuerwehr als Dienste am N\u00e4chsten hervor. Zum Thema &#8222;Durch Himmel und H\u00f6lle gehen&#8220; berichteten drei Feuerwehrkameraden, einer aus jeder Amtswehr, von seinen pers\u00f6nlichen Erlebnisse im Bereich der Feuerwehr.<br \/>\nWer sich nach dem Gottesdienst nach auf den St\u00fchlen halten konnte der kam in den Genu\u00df der angesprochenen Blaskapelle und einer frischen Portion Erbsensuppe, die wenig sp\u00e4ter nun endlich fertig war. Weitere Bilder gibt es nat\u00fcrlich in der Bildergalerie.<\/p>\n<div><img decoding=\"async\" src=\"http:\/\/feuerwehr-eddelak.de\/wcms\/wp-content\/backward-image\/125\/DSC02353_k.jpg\" alt=\"Feldk\u00fcche\" border=\"0\" \/><br \/>\nErbsensuppe von der Brunsb\u00fcttler Feldk\u00fcche<\/div>\n<\/div>\n<div>26.05.2006 &#8211; Tag 3<br \/>\nNeuer Tag, neues Gl\u00fcck. Und Gl\u00fcck haben wir &#8211; zumindest bis jetzt &#8211; den noch hat es nicht wirklich geregnet. Das hat \u00fcber den letzten Tag zumindest daf\u00fcr gesorgt, dass der Parkplatz trocken ist und wieder problemlos befahren werden kann. Also der Anreise zur heutigen Disco steht nichts mehr im Wege.Nachtrag 04.01 Uhr: Auch wenn der Nachmittag wider Erwarten trocken geblieben ist fing es nat\u00fcrlich p\u00fcnklich um 20.00 Uhr wieder an zu regnen. Das hat letztendlich doch wenig Leute davon abgehalten zu kommen. Man konnte eigentlich ganz zufrieden sein, die Stimmung war gut. Bilder finden sich nat\u00fcrlich wieder in der Bildergalerie.<br \/>\nAm Abend schaffte es dann auch noch ein Delegation aus Melle, unserer Partnerjugendfeuerwehr, uns zu besuchen und auch bis Sonntag zu bleiben.<br \/>\nIn wenigen Stunden geht es dann weiter. Wir laden recht herzlich zum Tag der offenen T\u00fcr ein. Am Vormittag findet der Wettkamp der Jugendfeuerwehr gegen die aktiven Feuerwehren des Amtes statt und am Nachmittag dann der offzielle Festakt zum 125 j\u00e4hrigen Bestehen mit einen Festumzug durch die Gemeinde.<\/div>\n<div>\n<p>26.05.2006 &#8211; Tag 3<\/p>\n<div><img decoding=\"async\" src=\"http:\/\/feuerwehr-eddelak.de\/wcms\/wp-content\/backward-image\/125\/DSC02471_k.jpg\" alt=\"Eddelaker Gruppe\" border=\"0\" \/><br \/>\nDie Eddelaker L\u00f6schgruppe<\/div>\n<p>Heute ging es in Sachen Feuerwehr erst richtig los. Zum 5 j\u00e4hrigen Bestehen forderte die Jugendfeuerwehr die aktiven Wehren zum Wettkamp in der damaligen Feuerwehrdienstvorschrift 4, der heutigen Vorschrift 3, zum Wettkampf auf Zeit heraus. Die Wehr die es in der k\u00fcrzesten Zeit mit den wenigsten Fehlern einen L\u00f6schangriff aufbaut sollte gewinnen. Die Neuauflage dieses Wettbewerbes gab es heute morgen.<br \/>\nAb 09.30 Uhr starteten die Gruppen alle 30 min und unterzogen sich einer Leistungsbewertung. Neben der Jugendfeuerwehr und den Wehren Averlak, Eddelak und St.Michaelisdonn trat auch eine Jugendfeuerwehrgruppe &#8222;Minis&#8220; an, die abweichend von den anderen Gruppen die Ausr\u00fcstung der Jugendfeuerwehr-L\u00f6schkarre benutzten und auch mit Wass \u00fcbten, aber auch in der regul\u00e4ren Wertung um den ersten Platz mitk\u00e4mpften. Den Ausgang des Wettbewerbes gibt es sp\u00e4ter zu erfahren. Die offizielle Bekanntgabe findet zusammen mit dem Festakt statt.<br \/>\nNachdem die Wettk\u00e4mpfe aller durchlaufen waren gab es den ersten offiziellen Akt f\u00fcr heute: Der Jugendwehr wurden ihre R\u00e4umlichkeiten im ausgebauten Dachgeschoss \u00fcbergeben. &#8222;2 Jahre haben wir in Eigenleistung gebaut. Mein herzlicher Dank gilt alle denen die hier tatkr\u00e4ftig geholfen und durchgehalten haben.&#8220;, so Wehrf\u00fchrer Eggert Schoof, der Jugendwart Volker Dettmann einen Symbolischen Schl\u00fcssel \u00fcbergab. Damit die R\u00e4umlichkeiten auch gepflegt werden \u00fcbergab er als kleines Pr\u00e4sent noch einen Reinigungswagen ,&#8220;damit die Jugendlichen auch lernen damit verantwortungsvoll umzugehen.&#8220;.<\/p>\n<div><img decoding=\"async\" src=\"http:\/\/feuerwehr-eddelak.de\/wcms\/wp-content\/backward-image\/125\/DSC02540_k.jpg\" alt=\"Schl\u00fcssel\u00fcbergabe\" border=\"0\" \/><br \/>\nDie Schl\u00fcssel\u00fcbergabe<\/div>\n<p>Auch hierzu nochmals die herzliche Einladung: Ab 14.00 Uhr findet der Festumzug durch die Gemeinde statt. Es gibt u.a. auch einen Fahrdienst vom Ger\u00e4tehaus. Anschlie\u00dfend soll dann der offizielle Festakt im Zelt statt. Weiter Bilder von heute morgen finden sich wie immer in der Bildergalerie.<\/p>\n<p>Nachtrag 19.05 Uhr: Ein \u00fcber 3 st\u00fcndiger Festmarathon ist zu Ende gegangen. Inzwischen meint sogar Petrus es gut mit uns und bescherte uns einen trockenen und teils sogar sehr sonnigen Nachmittag.<br \/>\nUm 14.00 Uhr startet der Festumzug wie geplant auf dem Sportplatz der Grundschule in Eddelak. Der Spielmannszug Haseldorf zog vor den Fahnenabordnungen der Wehren, den G\u00e4sten aus Politik und Feuerwehr, den zahlenm\u00e4\u00dfig starken Wehren Averlak, Eddelak und St. Michaelisdonn, einem Festwagen f\u00fcr die Ehrenabteilung sowie den Feuerwehrfahrzeugen aller Amtswehren durch den Ort her. Warferdonn &#8211; Moorweg &#8211; Kampweg &#8211; Bahnhofstrasse und schlie\u00dflich das Feuerwehrger\u00e4tehaus.<\/p>\n<div><img decoding=\"async\" src=\"http:\/\/feuerwehr-eddelak.de\/wcms\/wp-content\/backward-image\/125\/DSC02627_k.jpg\" alt=\"Festumzug\" border=\"0\" \/><br \/>\nEin Teil des Festumzuges<\/div>\n<p>Dort angekommen ging es zum eigentlichen Festakt \u00fcber. Wehrf\u00fchrer Eggert Schoof begr\u00fc\u00dfte die Festtagsgemeinde und mit dem Wahlspruch der Feuerwehren &#8222;Gott zur Ehr, dem N\u00e4chsten zur Wehr&#8220; und stellte heraus, dass seit nun mehr 125 Jahren auch in Eddelak das Bestreben der Freiwilligen Feuerwehr ist, der Dienst am N\u00e4chsten.<br \/>\nEr begr\u00fc\u00dfte auch die G\u00e4ste, unter ihnen Staatssekret\u00e4r Ulrich Lorenz, Landesbrandmeister Uwe Eisenschmidt und Kreisbrandmeister Hans Hermann Peters, die Wehren und nat\u00fcrlich die 51 aktiven Eddelaker Kameraden sowie deren Ehrenabteilung. Einen besonderen Dank richtete Schoof aber auch an die Frauen der Feuerwehrkameraden, die immer tatkr\u00e4ftig zur Seite st\u00fcnden. Ebenso den Gemeinden und Gemeindevertretern die die finanziellen Mittel zur Verf\u00fcgung stellen, damit auch k\u00fcnftig der Brandschutz gew\u00e4hrleistet sei. Schlie\u00dflich, so Schoof, &#8222;[&#8230;] passen sich die Gefahren an der Einsatzstelle leider nicht dem Ausr\u00fcstungsstand der Fahrzeuge an [&#8230;]&#8220;.<br \/>\nEs folgten Ehrungen Christian Carstens und Sebastian Martens wurden zum Hauptfeuerwehrman bzw L\u00f6schmeister bef\u00f6rdert. Hans Walter Schoof, Ralf Schweitzer und Bernd Ladwig wurden f\u00fcr ihre langj\u00e4hrige T\u00e4tigkeit im Dienste der Freiwilligen Feuerwehr mit dem Schleswig Holsteinischen Ehrenkreuz in Bronze ausgezeichnet.<br \/>\nDer am Vormittag ausgetragene Wettstreit in der Feuerwehrdienstvorschrift 3 wurde nun mit der Verk\u00fcndung der Erbenisse komplettiert. Dabei siegte die Gruppe der gro\u00dfen Jugendfeuerwehrmitglieder vor ihren j\u00fcngeren Vertretern. Es folgten die aktiven Wehren Eddelak, St. Michaelisdonn und Averlak auf den Pl\u00e4tzen drei bis f\u00fcnf. Entsprechend freute sich auch Amtswehrf\u00fchrer und Bewerter Dieter Kr\u00f6ger \u00fcber das Ergebnis : &#8222;Die Zeiten sind super und der Ablauf ging sicher von statten.&#8220;.<br \/>\nAus dem denkbar langen Part der Gru\u00dfworte seien hier nur ein paar stellv. genannt. Staatssekret\u00e4r Ulrich Lorenz, stellv. f\u00fcr das Land, \u00fcbermittelte herzliche Gr\u00fc\u00dfe vom Ministerpr\u00e4sidenten Peter H. Carstensen und Innenminister Ralf Stegner. Er w\u00fcrdigte die Feuerwehren als &#8222;Inbegriff der Zuverl\u00e4ssigkeit&#8220; und erfreute die Feuerwehrkameraden indem er die Wichtigkeit f\u00fcr \u00f6rtliche Feuerwehren betonte. &#8222;Ohne Ehrenamt w\u00e4re unsere Gesellschaft \u00e4rmer und k\u00e4lter.&#8220;, lobte er die Bereitschaft der Kameraden Tag und Nacht ihren Dienste am N\u00e4chsten zu tun. Dies zeige sich auch in der Jugendarbeit, denn &#8222;In der Jugend liegt die Zukunft&#8220;, so Lorenzen. Er \u00fcberreichte Eggert Schoof eine Glocke als Geschenk zum Jubil\u00e4um und w\u00fcnschte der Wehr weiterhin alles Gute und stets eine sichere Heimkehr.<br \/>\nAuch Kreisbrandmeister Hans Hermann Peters lies es sich nicht nehmen ein paar Worte zu sprechen. Eddelak w\u00fcrde ihm immer besonders auffallen, &#8222;damit mein ich z.B. Hans Walter im LZ-G oder Peter Bielenberg als Vorsitzender der Bewertungskommission. Den kennt ihr alle. Das ist der kleine dicke mit der Glatze. Ein sch\u00f6nes Gesicht braucht nun mal Platz.&#8220;, schezte Peters. Auch von ihm empfing Eggert ein Mitbringsel.<\/p>\n<div><img decoding=\"async\" src=\"http:\/\/feuerwehr-eddelak.de\/wcms\/wp-content\/backward-image\/125\/DSC02676_k.jpg\" alt=\"Peters \u00fcberreicht Geschenk\" border=\"0\" \/><br \/>\nHans H. Peters \u00fcberreicht Eggert Schoof ein Geschenk<\/div>\n<p>Abschlie\u00dfend sei noch ein Zitat vom Amtwehrf\u00fchrer Dieter Kr\u00f6ger erlaubt : &#8222;Meine Feuerwehr Eddelak ist im Einsatz immer vorbildlich.&#8220;<br \/>\nUnd einen hab ich noch: Wie immer an dieser Stelle sei auf die aktualisierte Bildergalerie hingeweisen.<\/p>\n<p>Nachtrag 02.05 Uhr: Der Abend war wieder f\u00fcr ein paar \u00dcberraschungen gut. Zu Beginn des Festballs lie\u00df Hauke Oeser die Freiwillige Feuerwehr Eddelak antreten. Er \u00fcbergab Dieter Kr\u00f6ger das Wort. Den dieser zeichnete Eggert Schoof f\u00fcr seinen Dienst f\u00fcr die Feuerwehr besonders auch aktuell im Rahmen des Jubil\u00e4ums, mit dem Feuerwehrehrenkreuz aus.<br \/>\nDiesen Moment nutze auch &#8222;Frau- Wehrf\u00fchrer&#8220; Urte Schoof, stellv. f\u00fcr alle Feuerwehrfrauen, und \u00fcberreichte als Jubil\u00e4umsgeschenk eine Uhr. Diese ziert ein Bild von unserem Wunschauto, das es ja leider nicht mehr zum Jubil\u00e4um gab, aber auch bei 19.30 Uhr &#8222;Dienstbeginn&#8220;, bei 22.00 Uhr &#8222;Dienstende&#8220; aber vor allem bei 24.00 Uhr &#8222;Sitzende&#8220;.<\/p>\n<div><img decoding=\"async\" src=\"http:\/\/feuerwehr-eddelak.de\/wcms\/wp-content\/backward-image\/125\/DSC02690_k.jpg\" alt=\"Dieter Kr\u00f6ger ehrt Eggert Schoof\" border=\"0\" \/><br \/>\nDieter Kr\u00f6ger ehrt Eggert Schoof<\/div>\n<p>F\u00fcr einen kleinen Spa\u00df sorgte auch eine kleine Tanzeinlage. Eggert Schoof, Hauke Oeser und Dieter Kr\u00f6ger wurden gebeten sich auf der Tanzfl\u00e4che auch drei vorbereitete St\u00fchle zu setzten, drei Damen gegen\u00fcber, das allerdings bevor die richtigen &#8222;Damen&#8220; den Saal betraten. Drei Herren in wundersch\u00f6ner Abendgaderobe f\u00fcr die Frau von Welt heiztem dem Publikum bei rythmischen T\u00e4nzen und einem au\u00dfergew\u00f6hnlichen Auftritt ein. Ein paar Bilder hiervon und nat\u00fcrlich jede Menge anderer finden sich nat\u00fcrlich wieder in der Bildergalerie.<br \/>\nMit diesem Abend endete eigentlich auch das Feuerwehrjubil\u00e4um. Heute findet im Zelt noch das Bundess\u00e4ngerfest statt, bevor das Zelt in der n\u00e4chsten Woche wider abgebaut wird. Wir danken auf diesem Wege noch mals allen Gratulanten und Teilnehmern an unserem Fest und w\u00fcnschen uns auch weiterhin m\u00f6glichst wenig Eins\u00e4tze.<\/p>\n<\/div>\n","protected":false},"excerpt":{"rendered":"Die Freiwillige Feuerwehr Eddelak besteht seit nun mehr 125 Jahren. Wir m\u00f6chten Sie recht herzlich einladen an unseren Feierlichkeiten Teilzuhaben. Im Folgenden finden Sie unser &hellip;","protected":false},"author":1,"featured_media":0,"parent":278,"menu_order":0,"comment_status":"open","ping_status":"open","template":"","meta":{"ngg_post_thumbnail":0,"footnotes":""},"class_list":["post-328","page","type-page","status-publish","hentry"],"_links":{"self":[{"href":"https:\/\/www.feuerwehr-eddelak.de\/wcms\/wp-json\/wp\/v2\/pages\/328","targetHints":{"allow":["GET"]}}],"collection":[{"href":"https:\/\/www.feuerwehr-eddelak.de\/wcms\/wp-json\/wp\/v2\/pages"}],"about":[{"href":"https:\/\/www.feuerwehr-eddelak.de\/wcms\/wp-json\/wp\/v2\/types\/page"}],"author":[{"embeddable":true,"href":"https:\/\/www.feuerwehr-eddelak.de\/wcms\/wp-json\/wp\/v2\/users\/1"}],"replies":[{"embeddable":true,"href":"https:\/\/www.feuerwehr-eddelak.de\/wcms\/wp-json\/wp\/v2\/comments?post=328"}],"version-history":[{"count":7,"href":"https:\/\/www.feuerwehr-eddelak.de\/wcms\/wp-json\/wp\/v2\/pages\/328\/revisions"}],"predecessor-version":[{"id":1199,"href":"https:\/\/www.feuerwehr-eddelak.de\/wcms\/wp-json\/wp\/v2\/pages\/328\/revisions\/1199"}],"up":[{"embeddable":true,"href":"https:\/\/www.feuerwehr-eddelak.de\/wcms\/wp-json\/wp\/v2\/pages\/278"}],"wp:attachment":[{"href":"https:\/\/www.feuerwehr-eddelak.de\/wcms\/wp-json\/wp\/v2\/media?parent=328"}],"curies":[{"name":"wp","href":"https:\/\/api.w.org\/{rel}","templated":true}]}}