{"id":331,"date":"2011-03-23T19:56:36","date_gmt":"2011-03-23T19:56:36","guid":{"rendered":"http:\/\/www.ff-eddelak.de\/wcms\/?page_id=331"},"modified":"2018-01-18T18:29:09","modified_gmt":"2018-01-18T17:29:09","slug":"anschaffung-lf-106","status":"publish","type":"page","link":"https:\/\/www.feuerwehr-eddelak.de\/wcms\/wir-uber-uns\/fahrzeuge\/anschaffung-lf-106\/","title":{"rendered":"Anschaffung LF 10\/6"},"content":{"rendered":"<p>Das LF8 TS der Eddelaker Gemeinde z\u00e4hlt mit seinen \u00fcber 26 Jahren nicht mehr zu den J\u00fcngsten. Den steigenden Anforderungen an Technik, Ger\u00e4t und Mannschafft bietet das jetztige Fahrzeug leider nicht mehr gen\u00fcgend Raum und M\u00f6glichkeiten. Daher k\u00e4mpft die Wehr zusammen mit den Gemeindevertretung von Eddelak und Dingen seit 2005 um die Abl\u00f6sung des bestehenden L\u00f6schgruppenfahrzeugs.<\/p>\n<p>Nach langen Beratungen, wurde sich inzwischen auf ein MAN Fahrgestell mit Ziegler Aufbau entschieden. Hier einige Daten und Bilder zu unserem neuen Fahrzeug:<\/p>\n<p>&nbsp;<\/p>\n<ul>\n<li>Fa. Ziegler<\/li>\n<li>Fahrgestell: MAN TGL 12.220 4&#215;2 BB (12 Tonnen, 220 PS, Stra\u00dfenfahrgestell)<\/li>\n<li>zweiteiliger Koffer in Tiefbauweise<\/li>\n<li>Wassertank 1200 Liter<\/li>\n<li>Schaummitteltank 120 Liter<\/li>\n<li>Schnellangriffshaspel 50 m S 25<\/li>\n<li>Schwenkhalterung f\u00fcr Einpersonenhaspel<\/li>\n<li>Drehwand mit Fachb\u00f6den<\/li>\n<li>4 \u00dcberdruck- Atemschutzger\u00e4te (2 im Mannschaftsraum)<\/li>\n<li>Pneumatik-Lichtmast mit 4 Xenon-Scheinwerfern<\/li>\n<li>Schere und Spreizer<\/li>\n<li>mobiler Monitor<\/li>\n<li>Hochleistungsl\u00fcfter<\/li>\n<li>Motors\u00e4ge mit Zubeh\u00f6r<\/li>\n<li>Trennschleifer und Zubeh\u00f6r<\/li>\n<li>TS 8\/8<\/li>\n<li>Greifzug<\/li>\n<\/ul>\n<p><a href=\"http:\/\/feuerwehr-eddelak.de\/wcms\/wp-content\/backward-document\/LF_10_6_Technik.pdf\">Ziegler Info zur technischen Ausstattung<\/a><br \/>\n<a href=\"http:\/\/feuerwehr-eddelak.de\/wcms\/wp-content\/backward-document\/Datenblatt_LF106_MAN_Str.pdf\">Datenbaltt Ziegler LF 10\/6 auf MAN<\/a><\/p>\n<p>&nbsp;<\/p>\n<h5>12. Mai 2005<\/h5>\n<p>Die Freiwillige Feuerwehr Eddelak stellt den Antrag auf eine neues L\u00f6schfahrzeug.<\/p>\n<h5>11. August 2005<\/h5>\n<p>Die Anschaffung muss auf den 01.01.2008 zur\u00fcckgestellt werden.<\/p>\n<h5>23. Januar 2008<\/h5>\n<p>Der Ablauf der R\u00fcckstellungszeit wird am 23.01.2008 erneut der Antrag auf eine neues L\u00f6schfahrzeug gestellt.<\/p>\n<h5>17. M\u00e4rz 2009<\/h5>\n<p>Nach langer Beratung gibt die Eddelaker Gemeindevertretung Gr\u00fcnes Licht f\u00fcr die Beschaffung des neuen L\u00f6schfahrzeugs. Es wurde sich auf ein LF 10\/6 der Firma Ziegler auf MAN Gestell geeinigt.<\/p>\n<h5>26. Juni 2009<\/h5>\n<p>Die Beschaffung wird mit der offziellen Unterschrift besiegelt und die Bestellung aufgegeben.<\/p>\n<h5>Oktober 2009<\/h5>\n<p>Das MAN Fahrgestellt ist an Ziegler ausgeliefert und bezahlt.<\/p>\n<h5>31. Oktober 2009<\/h5>\n<p>Der endg\u00fcltige Beladeplan ist fertiggestellt. Die Auslieferung wird f\u00fcr die KW 13 2010 angesetzt.<\/p>\n<p><img decoding=\"async\" alt=\"Beladeskizze LF 10 6\" src=\"http:\/\/feuerwehr-eddelak.de\/wcms\/wp-content\/backward-image\/skizze_lf10-6_001.jpg\" \/><\/p>\n<h5>17. Februar 2010<\/h5>\n<p>Ein kurzer Besuch bei Ziegler zeigt den aktuellen Bauzustand unseres neuen L\u00f6schfahrzeugs:<\/p>\n<p><img decoding=\"async\" alt=\"\" src=\"http:\/\/feuerwehr-eddelak.de\/wcms\/wp-content\/backward-image\/LF106-005_k.jpg\" width=\"480\" \/><\/p>\n<p><img decoding=\"async\" alt=\"\" src=\"http:\/\/feuerwehr-eddelak.de\/wcms\/wp-content\/backward-image\/LF106-008_k.jpg\" width=\"480\" \/><\/p>\n<p><img decoding=\"async\" alt=\"\" src=\"http:\/\/feuerwehr-eddelak.de\/wcms\/wp-content\/backward-image\/LF106-011_k.jpg\" width=\"480\" \/><a  href=\"http:\/\/feuerwehr-eddelak.de\/wcms\/wp-content\/backward-image\/LF106-011_g.jpg\" data-rel=\"lightbox-gallery-0\" data-rl_title=\"\" data-rl_caption=\"\" target=\"_blank\" title=\"\"><br \/>\n<\/a><\/p>\n<h5>19. Februar 2010<\/h5>\n<p>Die Auslieferung wird bereits am 02. M\u00e4rz 2010 erfolgen k\u00f6nnen.<\/p>\n","protected":false},"excerpt":{"rendered":"Das LF8 TS der Eddelaker Gemeinde z\u00e4hlt mit seinen \u00fcber 26 Jahren nicht mehr zu den J\u00fcngsten. Den steigenden Anforderungen an Technik, Ger\u00e4t und Mannschafft &hellip;","protected":false},"author":1,"featured_media":0,"parent":276,"menu_order":0,"comment_status":"open","ping_status":"open","template":"","meta":{"ngg_post_thumbnail":0,"footnotes":""},"class_list":["post-331","page","type-page","status-publish","hentry"],"_links":{"self":[{"href":"https:\/\/www.feuerwehr-eddelak.de\/wcms\/wp-json\/wp\/v2\/pages\/331","targetHints":{"allow":["GET"]}}],"collection":[{"href":"https:\/\/www.feuerwehr-eddelak.de\/wcms\/wp-json\/wp\/v2\/pages"}],"about":[{"href":"https:\/\/www.feuerwehr-eddelak.de\/wcms\/wp-json\/wp\/v2\/types\/page"}],"author":[{"embeddable":true,"href":"https:\/\/www.feuerwehr-eddelak.de\/wcms\/wp-json\/wp\/v2\/users\/1"}],"replies":[{"embeddable":true,"href":"https:\/\/www.feuerwehr-eddelak.de\/wcms\/wp-json\/wp\/v2\/comments?post=331"}],"version-history":[{"count":9,"href":"https:\/\/www.feuerwehr-eddelak.de\/wcms\/wp-json\/wp\/v2\/pages\/331\/revisions"}],"predecessor-version":[{"id":6473,"href":"https:\/\/www.feuerwehr-eddelak.de\/wcms\/wp-json\/wp\/v2\/pages\/331\/revisions\/6473"}],"up":[{"embeddable":true,"href":"https:\/\/www.feuerwehr-eddelak.de\/wcms\/wp-json\/wp\/v2\/pages\/276"}],"wp:attachment":[{"href":"https:\/\/www.feuerwehr-eddelak.de\/wcms\/wp-json\/wp\/v2\/media?parent=331"}],"curies":[{"name":"wp","href":"https:\/\/api.w.org\/{rel}","templated":true}]}}