{"id":798,"date":"2011-04-01T21:06:10","date_gmt":"2011-04-01T21:06:10","guid":{"rendered":"http:\/\/www.ff-eddelak.de\/wcms\/?page_id=798"},"modified":"2026-02-11T07:15:29","modified_gmt":"2026-02-11T06:15:29","slug":"finnern-days-remain","status":"publish","type":"page","link":"https:\/\/www.feuerwehr-eddelak.de\/wcms\/termine\/finnern-days-remain\/","title":{"rendered":"Finnern Days Remain"},"content":{"rendered":"<div id=\"attachment_2562\" style=\"width: 240px\" class=\"wp-caption alignright\"><a  href=\"https:\/\/www.feuerwehr-eddelak.de\/wcms\/wp-content\/uploads\/2011\/04\/nils_finnern.jpg\" data-rel=\"lightbox-gallery-0\" data-rl_title=\"\" data-rl_caption=\"\" title=\"\"><img loading=\"lazy\" decoding=\"async\" aria-describedby=\"caption-attachment-2562\" class=\"size-full wp-image-2562\" alt=\"Nils Finnern\" src=\"https:\/\/www.feuerwehr-eddelak.de\/wcms\/wp-content\/uploads\/2011\/04\/nils_finnern.jpg\" width=\"230\" height=\"200\"><\/a><p id=\"caption-attachment-2562\" class=\"wp-caption-text\">Nils Finnern<\/p><\/div>\n<h4>Zur Geschichte:<\/h4>\n<p>Seit einigen Jahren ist es bei unserer Feuerwehr Tradition, dass neue Mitglieder auf der Weihnachtsfeier ein Gedicht aufsagen. Dies kann ein ausgw\u00e4hlter Klassiker oder auch ein selbst verfasstes Kunstst\u00fcck sein. Ebenso wird auf der Weihnachtsfeier gesungen. Unter musikalischer Begleitung gibt die Wehr von &#8222;O Tannebaum&#8220; bis zu &#8222;Ihr Kinderlein kommet&#8220; seine Gesangstk\u00fcnste zum Besten.<\/p>\n<h4>Der Fall Finnern:<\/h4>\n<p>Obwohl er zu einem Zeitpunkt in die Feuerwehr eingetreten ist als es diesen Brauch schon gab, konnte sich Nils geschickt um diese Aufgabe dr\u00fccken. Bis heute hat er also noch kein Gedicht bei der Weihnachtsfeier aufgesagt.<\/p>\n<h4>Der Fehler:<\/h4>\n<p>Bei der Weihnachtsfeier am 19.12.2004 wurde man wieder auf diesen Mi\u00dfstand aufmerksam. Durch lange, unnachgiebigen Verhandlungen konnte Nils jedoch zu einer ausgleichenden Ma\u00dfnahme \u00fcberredet werden. Unter der Aufsicht von zwei unabh\u00e4ngigen Zeugen unterschrieb er die Verpflichtung zu seiner Aufgabe.<br \/>\nNat\u00fcrlich pokerte er an diesem Abend mit der Tatsache, dass dies in Vergessenheit geraten w\u00fcrde. Um ihm diese Illusion zu nehmen wurde die Einheit Finnern Days Remain (fdr) ins Leben gerufen.<\/p>\n<h4>Die Aufgabe:<\/h4>\n<p>&#8222;Im Alter von 65 Jahren werde ich, Nils Finnern, ein Lied auf der Weihnachtsfeier der FF Eddelak, alleine vor der gesamten Gruppe, singen.&#8220;, so der Text, den Nils, im Vollbesitz seiner geistigen Kr\u00e4fte, unterschrieben hat.<\/p>\n<p><script type=\"text\/javascript\" language=\"JavaScript\">\/\/ <![CDATA[\nvar today = new Date(); var date = new Date(\"December 16, 2035\"); var diff = date.getTime() - today.getTime(); var days = Math.floor(diff \/ (1000 * 60 * 60 * 24));\n\/\/ ]]><\/script><\/p>\n<h4>Aktueller Stand<\/h4>\n<p>Ausgehend vom 16. Dezember 2035, als Tag f\u00fcr die Weihnachtsfeier in dem Jahr, sind es noch <strong><script type=\"text\/javascript\" language=\"JavaScript\">\/\/ <![CDATA[\ndocument.write(days);\n\/\/ ]]><\/script><\/strong> Tage, bis Nils sein versprechen wahr machen muss.<\/p>\n","protected":false},"excerpt":{"rendered":"Nils Finnern\nZur Geschichte:\nSeit einigen Jahren ist es bei unserer Feuerwehr Tradition, dass neue Mitglieder auf der Weihnachtsfeier ein Gedicht aufsagen. Dies kann ein ausgw\u00e4hlter Klassiker &hellip;","protected":false},"author":1,"featured_media":0,"parent":271,"menu_order":10,"comment_status":"open","ping_status":"open","template":"","meta":{"ngg_post_thumbnail":0,"footnotes":""},"class_list":["post-798","page","type-page","status-publish","hentry"],"_links":{"self":[{"href":"https:\/\/www.feuerwehr-eddelak.de\/wcms\/wp-json\/wp\/v2\/pages\/798","targetHints":{"allow":["GET"]}}],"collection":[{"href":"https:\/\/www.feuerwehr-eddelak.de\/wcms\/wp-json\/wp\/v2\/pages"}],"about":[{"href":"https:\/\/www.feuerwehr-eddelak.de\/wcms\/wp-json\/wp\/v2\/types\/page"}],"author":[{"embeddable":true,"href":"https:\/\/www.feuerwehr-eddelak.de\/wcms\/wp-json\/wp\/v2\/users\/1"}],"replies":[{"embeddable":true,"href":"https:\/\/www.feuerwehr-eddelak.de\/wcms\/wp-json\/wp\/v2\/comments?post=798"}],"version-history":[{"count":13,"href":"https:\/\/www.feuerwehr-eddelak.de\/wcms\/wp-json\/wp\/v2\/pages\/798\/revisions"}],"predecessor-version":[{"id":9141,"href":"https:\/\/www.feuerwehr-eddelak.de\/wcms\/wp-json\/wp\/v2\/pages\/798\/revisions\/9141"}],"up":[{"embeddable":true,"href":"https:\/\/www.feuerwehr-eddelak.de\/wcms\/wp-json\/wp\/v2\/pages\/271"}],"wp:attachment":[{"href":"https:\/\/www.feuerwehr-eddelak.de\/wcms\/wp-json\/wp\/v2\/media?parent=798"}],"curies":[{"name":"wp","href":"https:\/\/api.w.org\/{rel}","templated":true}]}}